{"id":8612,"date":"2026-05-13T09:57:37","date_gmt":"2026-05-13T09:57:37","guid":{"rendered":"https:\/\/www.baufloor.it\/?post_type=product&#038;p=8612"},"modified":"2026-05-13T10:26:21","modified_gmt":"2026-05-13T10:26:21","slug":"professioneller-multifunktionsschneider-fuer-spc-bodenbelaege","status":"publish","type":"product","link":"https:\/\/www.baufloor.it\/de\/produkt\/professioneller-multifunktionsschneider-fuer-spc-bodenbelaege\/","title":{"rendered":"PROFESSIONELLER MULTIFUNKTIONSSCHNEIDER F\u00dcR SPC-BODENBEL\u00c4GE"},"content":{"rendered":"<p>Werkzeug f\u00fcr den professionellen Zuschnitt von Vinylb\u00f6den und Verbundwerkstoffen (LVT, LVP, PVC, WPC, VCT, SPC), erm\u00f6glicht gerade Schnitte mit bis zu 45\u00b0 Winkel und L\u00e4ngsschnitten in Dicken bis 10 mm. Mit Ersatzklinge enthalten und Schleifscheibe zum Sch\u00e4rfen.<\/p>\n","protected":false},"excerpt":{"rendered":"<p>Werkzeug f\u00fcr den professionellen Zuschnitt von Vinylb\u00f6den und Verbundwerkstoffen (LVT, LVP, PVC, WPC, VCT, SPC), erm\u00f6glicht gerade Schnitte mit bis zu 45\u00b0 Winkel und L\u00e4ngsschnitten in Dicken bis 10 mm. Mit Ersatzklinge enthalten und Schleifscheibe zum Sch\u00e4rfen.<\/p>\n","protected":false},"featured_media":8616,"template":"","meta":{"_acf_changed":false},"product_brand":[],"product_cat":[116],"product_tag":[],"class_list":{"0":"post-8612","1":"product","2":"type-product","3":"status-publish","4":"has-post-thumbnail","6":"product_cat-verlegezubehoer","8":"first","9":"instock","10":"shipping-taxable","11":"product-type-simple"},"acf":{"pacco_singolo_pezzi":1,"pacco_singolo_volume":"","pacco_singolo_unita":"pz","pallet_pezzi":"","pallet_volume":"","pallet_unita":""},"_links":{"self":[{"href":"https:\/\/www.baufloor.it\/de\/wp-json\/wp\/v2\/product\/8612","targetHints":{"allow":["GET"]}}],"collection":[{"href":"https:\/\/www.baufloor.it\/de\/wp-json\/wp\/v2\/product"}],"about":[{"href":"https:\/\/www.baufloor.it\/de\/wp-json\/wp\/v2\/types\/product"}],"wp:featuredmedia":[{"embeddable":true,"href":"https:\/\/www.baufloor.it\/de\/wp-json\/wp\/v2\/media\/8616"}],"wp:attachment":[{"href":"https:\/\/www.baufloor.it\/de\/wp-json\/wp\/v2\/media?parent=8612"}],"wp:term":[{"taxonomy":"product_brand","embeddable":true,"href":"https:\/\/www.baufloor.it\/de\/wp-json\/wp\/v2\/product_brand?post=8612"},{"taxonomy":"product_cat","embeddable":true,"href":"https:\/\/www.baufloor.it\/de\/wp-json\/wp\/v2\/product_cat?post=8612"},{"taxonomy":"product_tag","embeddable":true,"href":"https:\/\/www.baufloor.it\/de\/wp-json\/wp\/v2\/product_tag?post=8612"}],"curies":[{"name":"wp","href":"https:\/\/api.w.org\/{rel}","templated":true}]}}