{"id":5599,"date":"2026-01-20T16:42:34","date_gmt":"2026-01-20T16:42:34","guid":{"rendered":"https:\/\/www.baufloor.it\/prodotto\/wave\/"},"modified":"2026-02-26T15:00:00","modified_gmt":"2026-02-26T15:00:00","slug":"wave","status":"publish","type":"product","link":"https:\/\/www.baufloor.it\/de\/produkt\/wave\/","title":{"rendered":"WAVE"},"content":{"rendered":"<p class=\"p1\">Plankenst\u00e4rke 7 mm, einschlie\u00dflich:<\/p>\n<ul>\n<li class=\"p1\">5,5 mm SPC<\/li>\n<li class=\"p1\">1,5 mm Akustikmatte<\/li>\n<li class=\"p1\">0,5 mm Verschlei\u00dfschutzfolie<\/li>\n<\/ul>\n<p>&nbsp;<\/p>\n","protected":false},"excerpt":{"rendered":"<p class=\"p1\">Lassen Sie sich von den Kl\u00e4ngen von WAVE einlullen: raffinierte Oberfl\u00e4chen, die leise die Dynamik der Wellen hervorrufen. Das raffinierte Fischgr\u00e4tenmuster passt perfekt in allen Umgebungen.<\/p>\n","protected":false},"featured_media":5601,"template":"","meta":{"_acf_changed":false},"product_brand":[],"product_cat":[202,199],"product_tag":[],"class_list":{"0":"post-5599","1":"product","2":"type-product","3":"status-publish","4":"has-post-thumbnail","6":"product_cat-7-mm","7":"product_cat-vertice","8":"pa_spessore-collection-7-mm","9":"pa_tipologia-planke","10":"pa_tipologia-sockelleiste","12":"first","13":"instock","14":"purchasable","15":"product-type-variable"},"acf":{"pacco_singolo_pezzi":"","pacco_singolo_volume":"","pacco_singolo_unita":"","pallet_pezzi":"","pallet_volume":"","pallet_unita":""},"_links":{"self":[{"href":"https:\/\/www.baufloor.it\/de\/wp-json\/wp\/v2\/product\/5599","targetHints":{"allow":["GET"]}}],"collection":[{"href":"https:\/\/www.baufloor.it\/de\/wp-json\/wp\/v2\/product"}],"about":[{"href":"https:\/\/www.baufloor.it\/de\/wp-json\/wp\/v2\/types\/product"}],"wp:featuredmedia":[{"embeddable":true,"href":"https:\/\/www.baufloor.it\/de\/wp-json\/wp\/v2\/media\/5601"}],"wp:attachment":[{"href":"https:\/\/www.baufloor.it\/de\/wp-json\/wp\/v2\/media?parent=5599"}],"wp:term":[{"taxonomy":"product_brand","embeddable":true,"href":"https:\/\/www.baufloor.it\/de\/wp-json\/wp\/v2\/product_brand?post=5599"},{"taxonomy":"product_cat","embeddable":true,"href":"https:\/\/www.baufloor.it\/de\/wp-json\/wp\/v2\/product_cat?post=5599"},{"taxonomy":"product_tag","embeddable":true,"href":"https:\/\/www.baufloor.it\/de\/wp-json\/wp\/v2\/product_tag?post=5599"}],"curies":[{"name":"wp","href":"https:\/\/api.w.org\/{rel}","templated":true}]}}