{"id":5549,"date":"2026-01-20T16:42:34","date_gmt":"2026-01-20T16:42:34","guid":{"rendered":"https:\/\/www.baufloor.it\/prodotto\/blend\/"},"modified":"2026-02-26T14:42:58","modified_gmt":"2026-02-26T14:42:58","slug":"blend","status":"publish","type":"product","link":"https:\/\/www.baufloor.it\/de\/produkt\/blend\/","title":{"rendered":"BLEND"},"content":{"rendered":"<p class=\"p1\">Plankenst\u00e4rke 8 mm, einschlie\u00dflich:<\/p>\n<ul>\n<li class=\"p1\">6,5 mm SPC<\/li>\n<li class=\"p1\">1,5 mm Akustikmatte<\/li>\n<li class=\"p1\">0,5 mm Verschlei\u00dfschutzfolie<\/li>\n<\/ul>\n<p>&nbsp;<\/p>\n","protected":false},"excerpt":{"rendered":"<p class=\"p1\">BLEND imitiert die nat\u00fcrlichen Farbt\u00f6ne der Wei\u00dftanne und ist eine au\u00dfergew\u00f6hnliche Wahl. Es verk\u00f6rpert die Suche nach Ausgewogenheit, die zeitgen\u00f6ssisches Design kennzeichnet. Dieser Farbton bietet eine \u00fcberraschende Palette an Untert\u00f6nen, die mit nat\u00fcrlicher Eleganz verschmelzen.<\/p>\n","protected":false},"featured_media":5551,"template":"","meta":{"_acf_changed":false},"product_brand":[],"product_cat":[200,199],"product_tag":[],"class_list":{"0":"post-5549","1":"product","2":"type-product","3":"status-publish","4":"has-post-thumbnail","6":"product_cat-8-mm","7":"product_cat-vertice","8":"pa_spessore-collection-8-mm","9":"pa_tipologia-planke","10":"pa_tipologia-sockelleiste","12":"first","13":"instock","14":"purchasable","15":"product-type-variable"},"acf":{"pacco_singolo_pezzi":"","pacco_singolo_volume":"","pacco_singolo_unita":"","pallet_pezzi":"","pallet_volume":"","pallet_unita":""},"_links":{"self":[{"href":"https:\/\/www.baufloor.it\/de\/wp-json\/wp\/v2\/product\/5549","targetHints":{"allow":["GET"]}}],"collection":[{"href":"https:\/\/www.baufloor.it\/de\/wp-json\/wp\/v2\/product"}],"about":[{"href":"https:\/\/www.baufloor.it\/de\/wp-json\/wp\/v2\/types\/product"}],"wp:featuredmedia":[{"embeddable":true,"href":"https:\/\/www.baufloor.it\/de\/wp-json\/wp\/v2\/media\/5551"}],"wp:attachment":[{"href":"https:\/\/www.baufloor.it\/de\/wp-json\/wp\/v2\/media?parent=5549"}],"wp:term":[{"taxonomy":"product_brand","embeddable":true,"href":"https:\/\/www.baufloor.it\/de\/wp-json\/wp\/v2\/product_brand?post=5549"},{"taxonomy":"product_cat","embeddable":true,"href":"https:\/\/www.baufloor.it\/de\/wp-json\/wp\/v2\/product_cat?post=5549"},{"taxonomy":"product_tag","embeddable":true,"href":"https:\/\/www.baufloor.it\/de\/wp-json\/wp\/v2\/product_tag?post=5549"}],"curies":[{"name":"wp","href":"https:\/\/api.w.org\/{rel}","templated":true}]}}