{"id":5529,"date":"2026-01-20T16:42:34","date_gmt":"2026-01-20T16:42:34","guid":{"rendered":"https:\/\/www.baufloor.it\/prodotto\/cadence\/"},"modified":"2026-02-25T10:56:29","modified_gmt":"2026-02-25T10:56:29","slug":"cadence","status":"publish","type":"product","link":"https:\/\/www.baufloor.it\/de\/produkt\/cadence\/","title":{"rendered":"CADENCE"},"content":{"rendered":"<p class=\"p1\">Plankenst\u00e4rke 8 mm, einschlie\u00dflich:<\/p>\n<ul>\n<li class=\"p1\">6,5 mm SPC<\/li>\n<li class=\"p1\">1,5 mm Akustikmatte<\/li>\n<li class=\"p1\">0,5 mm Verschlei\u00dfschutzfolie<\/li>\n<\/ul>\n","protected":false},"excerpt":{"rendered":"<p class=\"p1\">Perfekt f\u00fcr alle, die bewegte Formen lieben: CADENCE verleiht den Fischgr\u00e4tb\u00f6den das Hauptmerkmal: eine \u201edynamische\u201c Sch\u00f6nheit, die sich perfekt in jede Inneneinrichtungsidee einf\u00fcgt.<\/p>\n","protected":false},"featured_media":5531,"template":"","meta":{"_acf_changed":false},"product_brand":[],"product_cat":[200,199],"product_tag":[],"class_list":{"0":"post-5529","1":"product","2":"type-product","3":"status-publish","4":"has-post-thumbnail","6":"product_cat-8-mm","7":"product_cat-vertice","8":"pa_spessore-collection-8-mm","9":"pa_tipologia-planke","10":"pa_tipologia-sockelleiste","12":"first","13":"instock","14":"purchasable","15":"product-type-variable"},"acf":{"pacco_singolo_pezzi":"","pacco_singolo_volume":"","pacco_singolo_unita":"","pallet_pezzi":"","pallet_volume":"","pallet_unita":""},"_links":{"self":[{"href":"https:\/\/www.baufloor.it\/de\/wp-json\/wp\/v2\/product\/5529","targetHints":{"allow":["GET"]}}],"collection":[{"href":"https:\/\/www.baufloor.it\/de\/wp-json\/wp\/v2\/product"}],"about":[{"href":"https:\/\/www.baufloor.it\/de\/wp-json\/wp\/v2\/types\/product"}],"wp:featuredmedia":[{"embeddable":true,"href":"https:\/\/www.baufloor.it\/de\/wp-json\/wp\/v2\/media\/5531"}],"wp:attachment":[{"href":"https:\/\/www.baufloor.it\/de\/wp-json\/wp\/v2\/media?parent=5529"}],"wp:term":[{"taxonomy":"product_brand","embeddable":true,"href":"https:\/\/www.baufloor.it\/de\/wp-json\/wp\/v2\/product_brand?post=5529"},{"taxonomy":"product_cat","embeddable":true,"href":"https:\/\/www.baufloor.it\/de\/wp-json\/wp\/v2\/product_cat?post=5529"},{"taxonomy":"product_tag","embeddable":true,"href":"https:\/\/www.baufloor.it\/de\/wp-json\/wp\/v2\/product_tag?post=5529"}],"curies":[{"name":"wp","href":"https:\/\/api.w.org\/{rel}","templated":true}]}}