{"id":5489,"date":"2026-01-20T16:42:40","date_gmt":"2026-01-20T16:42:40","guid":{"rendered":"https:\/\/www.baufloor.it\/prodotto\/jasper\/"},"modified":"2026-02-25T14:15:59","modified_gmt":"2026-02-25T14:15:59","slug":"jasper","status":"publish","type":"product","link":"https:\/\/www.baufloor.it\/de\/produkt\/jasper\/","title":{"rendered":"JASPER"},"content":{"rendered":"<p class=\"p1\">Plankenst\u00e4rke 8 mm, einschlie\u00dflich:<\/p>\n<ul>\n<li class=\"p1\">6,5 mm SPC<\/li>\n<li class=\"p1\">1,5 mm Akustikmatte<\/li>\n<li class=\"p1\">0,5 mm Verschlei\u00dfschutzfolie<\/li>\n<\/ul>\n<p>&nbsp;<\/p>\n","protected":false},"excerpt":{"rendered":"<p class=\"p1\">Nat\u00fcrliche Mineralt\u00f6ne verschmelzen mit der Sanftheit von Holzt\u00f6nen. In seinen beiden Versionen, mit breiten und Standardlamellen, verleiht JASPER einen Hauch von raffinierter Nat\u00fcrlichkeit, der zu jeder Umgebung passt.<\/p>\n","protected":false},"featured_media":5491,"template":"","meta":{"_acf_changed":false},"product_brand":[],"product_cat":[188,187],"product_tag":[],"class_list":{"0":"post-5489","1":"product","2":"type-product","3":"status-publish","4":"has-post-thumbnail","6":"product_cat-8-mm-diamond","7":"product_cat-diamond","8":"pa_spessore-collection-8-mm","9":"pa_tipologia-grosses-planke","10":"pa_tipologia-planke-standard","11":"pa_tipologia-sockelleiste","12":"pa_tipologia-treppe","14":"first","15":"instock","16":"purchasable","17":"product-type-variable"},"acf":{"pacco_singolo_pezzi":"","pacco_singolo_volume":"","pacco_singolo_unita":"","pallet_pezzi":"","pallet_volume":"","pallet_unita":""},"_links":{"self":[{"href":"https:\/\/www.baufloor.it\/de\/wp-json\/wp\/v2\/product\/5489","targetHints":{"allow":["GET"]}}],"collection":[{"href":"https:\/\/www.baufloor.it\/de\/wp-json\/wp\/v2\/product"}],"about":[{"href":"https:\/\/www.baufloor.it\/de\/wp-json\/wp\/v2\/types\/product"}],"wp:featuredmedia":[{"embeddable":true,"href":"https:\/\/www.baufloor.it\/de\/wp-json\/wp\/v2\/media\/5491"}],"wp:attachment":[{"href":"https:\/\/www.baufloor.it\/de\/wp-json\/wp\/v2\/media?parent=5489"}],"wp:term":[{"taxonomy":"product_brand","embeddable":true,"href":"https:\/\/www.baufloor.it\/de\/wp-json\/wp\/v2\/product_brand?post=5489"},{"taxonomy":"product_cat","embeddable":true,"href":"https:\/\/www.baufloor.it\/de\/wp-json\/wp\/v2\/product_cat?post=5489"},{"taxonomy":"product_tag","embeddable":true,"href":"https:\/\/www.baufloor.it\/de\/wp-json\/wp\/v2\/product_tag?post=5489"}],"curies":[{"name":"wp","href":"https:\/\/api.w.org\/{rel}","templated":true}]}}