{"id":5436,"date":"2026-01-20T16:42:40","date_gmt":"2026-01-20T16:42:40","guid":{"rendered":"https:\/\/www.baufloor.it\/prodotto\/miso\/"},"modified":"2026-02-25T13:47:22","modified_gmt":"2026-02-25T13:47:22","slug":"miso","status":"publish","type":"product","link":"https:\/\/www.baufloor.it\/de\/produkt\/miso\/","title":{"rendered":"MISO"},"content":{"rendered":"<p class=\"p1\">Plankenst\u00e4rke 10 mm, einschlie\u00dflich:<\/p>\n<ul>\n<li class=\"p1\">8,0 mm SPC<\/li>\n<li class=\"p1\">1,5 mm Akustikmatte<\/li>\n<li class=\"p1\">0,5 mm Verschlei\u00dfschutzfolie<\/li>\n<\/ul>\n<p>&nbsp;<\/p>\n","protected":false},"excerpt":{"rendered":"<p class=\"p1\">Die Sch\u00f6nheit der Natur trifft auf die Effizienz der Moderne. MISO ist der ideale Artikel f\u00fcr Green Decor-Liebhaber, \u00fcppige gr\u00fcne Bl\u00e4tter harmonieren perfekt mit der nat\u00fcrlichen Farbe des Bodens.<\/p>\n","protected":false},"featured_media":5438,"template":"","meta":{"_acf_changed":false},"product_brand":[],"product_cat":[196,195],"product_tag":[],"class_list":{"0":"post-5436","1":"product","2":"type-product","3":"status-publish","4":"has-post-thumbnail","6":"product_cat-10-mm","7":"product_cat-platinum","8":"pa_spessore-collection-10-mm","9":"pa_tipologia-grosses-planke","10":"pa_tipologia-sockelleiste","11":"pa_tipologia-treppe","13":"first","14":"instock","15":"purchasable","16":"product-type-variable"},"acf":{"pacco_singolo_pezzi":"","pacco_singolo_volume":"","pacco_singolo_unita":"","pallet_pezzi":"","pallet_volume":"","pallet_unita":""},"_links":{"self":[{"href":"https:\/\/www.baufloor.it\/de\/wp-json\/wp\/v2\/product\/5436","targetHints":{"allow":["GET"]}}],"collection":[{"href":"https:\/\/www.baufloor.it\/de\/wp-json\/wp\/v2\/product"}],"about":[{"href":"https:\/\/www.baufloor.it\/de\/wp-json\/wp\/v2\/types\/product"}],"wp:featuredmedia":[{"embeddable":true,"href":"https:\/\/www.baufloor.it\/de\/wp-json\/wp\/v2\/media\/5438"}],"wp:attachment":[{"href":"https:\/\/www.baufloor.it\/de\/wp-json\/wp\/v2\/media?parent=5436"}],"wp:term":[{"taxonomy":"product_brand","embeddable":true,"href":"https:\/\/www.baufloor.it\/de\/wp-json\/wp\/v2\/product_brand?post=5436"},{"taxonomy":"product_cat","embeddable":true,"href":"https:\/\/www.baufloor.it\/de\/wp-json\/wp\/v2\/product_cat?post=5436"},{"taxonomy":"product_tag","embeddable":true,"href":"https:\/\/www.baufloor.it\/de\/wp-json\/wp\/v2\/product_tag?post=5436"}],"curies":[{"name":"wp","href":"https:\/\/api.w.org\/{rel}","templated":true}]}}