{"id":5388,"date":"2026-01-20T16:42:46","date_gmt":"2026-01-20T16:42:46","guid":{"rendered":"https:\/\/www.baufloor.it\/prodotto\/mirto\/"},"modified":"2026-02-26T09:16:21","modified_gmt":"2026-02-26T09:16:21","slug":"mirto","status":"publish","type":"product","link":"https:\/\/www.baufloor.it\/de\/produkt\/mirto\/","title":{"rendered":"MIRTO"},"content":{"rendered":"<p class=\"p1\">Plankenst\u00e4rke 7 mm, einschlie\u00dflich:<\/p>\n<ul>\n<li class=\"p1\">5,5 mm SPC<\/li>\n<li class=\"p1\">1,5 mm Akustikmatte<\/li>\n<li class=\"p1\">0,5 mm Verschlei\u00dfschutzfolie<\/li>\n<\/ul>\n<p>&nbsp;<\/p>\n","protected":false},"excerpt":{"rendered":"<p class=\"p1\">Eine helle Farbe, die Ihren Blick nicht anstrengt und Sie in v\u00f6lliger Ruhe wiegt. Antike und Moderne k\u00f6nnen dank der Farbt\u00f6ne Perlmutt perfekt harmonieren, perfekt f\u00fcr die Unterbringung von M\u00f6beln im Shabby-Chic-Stil.<\/p>\n","protected":false},"featured_media":5390,"template":"","meta":{"_acf_changed":false},"product_brand":[],"product_cat":[192,191],"product_tag":[],"class_list":{"0":"post-5388","1":"product","2":"type-product","3":"status-publish","4":"has-post-thumbnail","6":"product_cat-7-mm-luxury","7":"product_cat-luxury","8":"pa_spessore-collection-7-mm","9":"pa_tipologia-planke","10":"pa_tipologia-sockelleiste","11":"pa_tipologia-treppe","13":"first","14":"instock","15":"purchasable","16":"product-type-variable"},"acf":{"pacco_singolo_pezzi":"","pacco_singolo_volume":"","pacco_singolo_unita":"","pallet_pezzi":"","pallet_volume":"","pallet_unita":""},"_links":{"self":[{"href":"https:\/\/www.baufloor.it\/de\/wp-json\/wp\/v2\/product\/5388","targetHints":{"allow":["GET"]}}],"collection":[{"href":"https:\/\/www.baufloor.it\/de\/wp-json\/wp\/v2\/product"}],"about":[{"href":"https:\/\/www.baufloor.it\/de\/wp-json\/wp\/v2\/types\/product"}],"wp:featuredmedia":[{"embeddable":true,"href":"https:\/\/www.baufloor.it\/de\/wp-json\/wp\/v2\/media\/5390"}],"wp:attachment":[{"href":"https:\/\/www.baufloor.it\/de\/wp-json\/wp\/v2\/media?parent=5388"}],"wp:term":[{"taxonomy":"product_brand","embeddable":true,"href":"https:\/\/www.baufloor.it\/de\/wp-json\/wp\/v2\/product_brand?post=5388"},{"taxonomy":"product_cat","embeddable":true,"href":"https:\/\/www.baufloor.it\/de\/wp-json\/wp\/v2\/product_cat?post=5388"},{"taxonomy":"product_tag","embeddable":true,"href":"https:\/\/www.baufloor.it\/de\/wp-json\/wp\/v2\/product_tag?post=5388"}],"curies":[{"name":"wp","href":"https:\/\/api.w.org\/{rel}","templated":true}]}}