{"id":5326,"date":"2026-01-20T16:42:46","date_gmt":"2026-01-20T16:42:46","guid":{"rendered":"https:\/\/www.baufloor.it\/prodotto\/ulivo\/"},"modified":"2026-02-26T09:07:08","modified_gmt":"2026-02-26T09:07:08","slug":"ulivo","status":"publish","type":"product","link":"https:\/\/www.baufloor.it\/de\/produkt\/ulivo\/","title":{"rendered":"ULIVO"},"content":{"rendered":"<p class=\"p1\">Plankenst\u00e4rke 7 mm, einschlie\u00dflich:<\/p>\n<ul>\n<li class=\"p1\">5,5 mm SPC<\/li>\n<li class=\"p1\">1,5 mm Akustikmatte<\/li>\n<li class=\"p1\">0,5 mm Verschlei\u00dfschutzfolie<\/li>\n<\/ul>\n<p>&nbsp;<\/p>\n","protected":false},"excerpt":{"rendered":"<p class=\"p1\">ULIVO, mit einer stark lokalen Seele, geeignet f\u00fcr diejenigen, die auch nur einen Steinwurf von der Metropole entfernt ein mediterranes Refugium bauen m\u00f6chten. Die tiefen und tanzenden Adern der Dauben charakterisieren eine Umgebung von h\u00f6chster Qualit\u00e4tcharakterisieren eine Umgebung von h\u00f6chster Qualit\u00e4t.<\/p>\n","protected":false},"featured_media":5328,"template":"","meta":{"_acf_changed":false},"product_brand":[],"product_cat":[192,191],"product_tag":[],"class_list":{"0":"post-5326","1":"product","2":"type-product","3":"status-publish","4":"has-post-thumbnail","6":"product_cat-7-mm-luxury","7":"product_cat-luxury","8":"pa_spessore-collection-7-mm","9":"pa_tipologia-planke","10":"pa_tipologia-sockelleiste","11":"pa_tipologia-treppe","13":"first","14":"instock","15":"purchasable","16":"product-type-variable"},"acf":{"pacco_singolo_pezzi":"","pacco_singolo_volume":"","pacco_singolo_unita":"","pallet_pezzi":"","pallet_volume":"","pallet_unita":""},"_links":{"self":[{"href":"https:\/\/www.baufloor.it\/de\/wp-json\/wp\/v2\/product\/5326","targetHints":{"allow":["GET"]}}],"collection":[{"href":"https:\/\/www.baufloor.it\/de\/wp-json\/wp\/v2\/product"}],"about":[{"href":"https:\/\/www.baufloor.it\/de\/wp-json\/wp\/v2\/types\/product"}],"wp:featuredmedia":[{"embeddable":true,"href":"https:\/\/www.baufloor.it\/de\/wp-json\/wp\/v2\/media\/5328"}],"wp:attachment":[{"href":"https:\/\/www.baufloor.it\/de\/wp-json\/wp\/v2\/media?parent=5326"}],"wp:term":[{"taxonomy":"product_brand","embeddable":true,"href":"https:\/\/www.baufloor.it\/de\/wp-json\/wp\/v2\/product_brand?post=5326"},{"taxonomy":"product_cat","embeddable":true,"href":"https:\/\/www.baufloor.it\/de\/wp-json\/wp\/v2\/product_cat?post=5326"},{"taxonomy":"product_tag","embeddable":true,"href":"https:\/\/www.baufloor.it\/de\/wp-json\/wp\/v2\/product_tag?post=5326"}],"curies":[{"name":"wp","href":"https:\/\/api.w.org\/{rel}","templated":true}]}}