{"id":5287,"date":"2026-01-20T16:42:46","date_gmt":"2026-01-20T16:42:46","guid":{"rendered":"https:\/\/www.baufloor.it\/prodotto\/acquamarina\/"},"modified":"2026-02-26T09:01:31","modified_gmt":"2026-02-26T09:01:31","slug":"acquamarina","status":"publish","type":"product","link":"https:\/\/www.baufloor.it\/de\/produkt\/acquamarina\/","title":{"rendered":"ACQUAMARINA"},"content":{"rendered":"<p class=\"p1\">Plankenst\u00e4rke 7 mm, einschlie\u00dflich:<\/p>\n<ul>\n<li class=\"p1\">5,5 mm SPC<\/li>\n<li class=\"p1\">1,5 mm Akustikmatte<\/li>\n<li class=\"p1\">0,5 mm Verschlei\u00dfschutzfolie<\/li>\n<\/ul>\n<p>&nbsp;<\/p>\n","protected":false},"excerpt":{"rendered":"<p class=\"p1\">Lassen Sie die barocke Raffinesse vergangener Zeiten, dank der einzigartigen Zartheit des ACQUAMARINA nachspielen. Ausgestattet mit einer au\u00dfergew\u00f6hnlichen nat\u00fcrlichen Helligkeit, die einen behaglichen Effekt vermittelt.<\/p>\n","protected":false},"featured_media":5289,"template":"","meta":{"_acf_changed":false},"product_brand":[],"product_cat":[192,191],"product_tag":[],"class_list":{"0":"post-5287","1":"product","2":"type-product","3":"status-publish","4":"has-post-thumbnail","6":"product_cat-7-mm-luxury","7":"product_cat-luxury","8":"pa_spessore-collection-7-mm","9":"pa_tipologia-grosses-planke","10":"pa_tipologia-planke-standard","11":"pa_tipologia-sockelleiste","12":"pa_tipologia-treppe","14":"first","15":"instock","16":"purchasable","17":"product-type-variable"},"acf":{"pacco_singolo_pezzi":"","pacco_singolo_volume":"","pacco_singolo_unita":"","pallet_pezzi":"","pallet_volume":"","pallet_unita":""},"_links":{"self":[{"href":"https:\/\/www.baufloor.it\/de\/wp-json\/wp\/v2\/product\/5287","targetHints":{"allow":["GET"]}}],"collection":[{"href":"https:\/\/www.baufloor.it\/de\/wp-json\/wp\/v2\/product"}],"about":[{"href":"https:\/\/www.baufloor.it\/de\/wp-json\/wp\/v2\/types\/product"}],"wp:featuredmedia":[{"embeddable":true,"href":"https:\/\/www.baufloor.it\/de\/wp-json\/wp\/v2\/media\/5289"}],"wp:attachment":[{"href":"https:\/\/www.baufloor.it\/de\/wp-json\/wp\/v2\/media?parent=5287"}],"wp:term":[{"taxonomy":"product_brand","embeddable":true,"href":"https:\/\/www.baufloor.it\/de\/wp-json\/wp\/v2\/product_brand?post=5287"},{"taxonomy":"product_cat","embeddable":true,"href":"https:\/\/www.baufloor.it\/de\/wp-json\/wp\/v2\/product_cat?post=5287"},{"taxonomy":"product_tag","embeddable":true,"href":"https:\/\/www.baufloor.it\/de\/wp-json\/wp\/v2\/product_tag?post=5287"}],"curies":[{"name":"wp","href":"https:\/\/api.w.org\/{rel}","templated":true}]}}