{"id":5259,"date":"2026-01-20T16:42:46","date_gmt":"2026-01-20T16:42:46","guid":{"rendered":"https:\/\/www.baufloor.it\/prodotto\/smeraldo\/"},"modified":"2026-02-26T08:39:27","modified_gmt":"2026-02-26T08:39:27","slug":"smeraldo","status":"publish","type":"product","link":"https:\/\/www.baufloor.it\/de\/produkt\/smeraldo\/","title":{"rendered":"SMERALDO"},"content":{"rendered":"<p class=\"p1\">Plankenst\u00e4rke 7 mm, einschlie\u00dflich:<\/p>\n<ul>\n<li class=\"p1\">5,5 mm SPC<\/li>\n<li class=\"p1\">1,5 mm Akustikmatte<\/li>\n<li class=\"p1\">0,5 mm Verschlei\u00dfschutzfolie<\/li>\n<\/ul>\n","protected":false},"excerpt":{"rendered":"<p class=\"p1\">Weiche, fast pastellfarbene Paletten k\u00f6nnen sich perfekt mit SMERALDO mischen: Salbeigr\u00fcn, Honig, Staubgrau sind nur ein Vorgeschmack auf die Farbkontraste, die f\u00fcr den Bau eines komfortablen Wohnraums n\u00fctzlich sind.<\/p>\n","protected":false},"featured_media":5261,"template":"","meta":{"_acf_changed":false},"product_brand":[],"product_cat":[192,191],"product_tag":[],"class_list":{"0":"post-5259","1":"product","2":"type-product","3":"status-publish","4":"has-post-thumbnail","6":"product_cat-7-mm-luxury","7":"product_cat-luxury","8":"pa_spessore-collection-7-mm","9":"pa_tipologia-grosses-planke","10":"pa_tipologia-planke-standard","11":"pa_tipologia-sockelleiste","12":"pa_tipologia-treppe","14":"first","15":"instock","16":"purchasable","17":"product-type-variable"},"acf":{"pacco_singolo_pezzi":"","pacco_singolo_volume":"","pacco_singolo_unita":"","pallet_pezzi":"","pallet_volume":"","pallet_unita":""},"_links":{"self":[{"href":"https:\/\/www.baufloor.it\/de\/wp-json\/wp\/v2\/product\/5259","targetHints":{"allow":["GET"]}}],"collection":[{"href":"https:\/\/www.baufloor.it\/de\/wp-json\/wp\/v2\/product"}],"about":[{"href":"https:\/\/www.baufloor.it\/de\/wp-json\/wp\/v2\/types\/product"}],"wp:featuredmedia":[{"embeddable":true,"href":"https:\/\/www.baufloor.it\/de\/wp-json\/wp\/v2\/media\/5261"}],"wp:attachment":[{"href":"https:\/\/www.baufloor.it\/de\/wp-json\/wp\/v2\/media?parent=5259"}],"wp:term":[{"taxonomy":"product_brand","embeddable":true,"href":"https:\/\/www.baufloor.it\/de\/wp-json\/wp\/v2\/product_brand?post=5259"},{"taxonomy":"product_cat","embeddable":true,"href":"https:\/\/www.baufloor.it\/de\/wp-json\/wp\/v2\/product_cat?post=5259"},{"taxonomy":"product_tag","embeddable":true,"href":"https:\/\/www.baufloor.it\/de\/wp-json\/wp\/v2\/product_tag?post=5259"}],"curies":[{"name":"wp","href":"https:\/\/api.w.org\/{rel}","templated":true}]}}