{"id":5198,"date":"2026-01-20T16:42:53","date_gmt":"2026-01-20T16:42:53","guid":{"rendered":"https:\/\/www.baufloor.it\/prodotto\/basalto\/"},"modified":"2026-02-26T09:50:45","modified_gmt":"2026-02-26T09:50:45","slug":"basalto","status":"publish","type":"product","link":"https:\/\/www.baufloor.it\/de\/produkt\/basalto\/","title":{"rendered":"BASALTO"},"content":{"rendered":"<p class=\"p1\">Plankenst\u00e4rke 7 mm, einschlie\u00dflich:<\/p>\n<ul>\n<li class=\"p1\">5,5 mm SPC<\/li>\n<li class=\"p1\">1,5 mm Akustikmatte<\/li>\n<li class=\"p1\">0,5 mm Verschlei\u00dfschutzfolie<\/li>\n<\/ul>\n<p>&nbsp;<\/p>\n","protected":false},"excerpt":{"rendered":"<p class=\"p1\">Anthrazitt\u00f6ne sind eine absolute Garantie f\u00fcr hochwertige Umgebungen, mit BASALTO schlagen wir vor um Ihre R\u00e4ume aus Ihrer blo\u00dfen Vorstellung heraus auf ein neues Niveau an Luxus zu heben.<\/p>\n","protected":false},"featured_media":5200,"template":"","meta":{"_acf_changed":false},"product_brand":[],"product_cat":[179,172],"product_tag":[],"class_list":{"0":"post-5198","1":"product","2":"type-product","3":"status-publish","4":"has-post-thumbnail","6":"product_cat-7-mm-concrete","7":"product_cat-concrete","8":"pa_spessore-collection-7-mm","9":"pa_tipologia-planke","10":"pa_tipologia-sockelleiste","11":"pa_tipologia-treppe","13":"first","14":"instock","15":"purchasable","16":"product-type-variable"},"acf":{"pacco_singolo_pezzi":"","pacco_singolo_volume":"","pacco_singolo_unita":"","pallet_pezzi":"","pallet_volume":"","pallet_unita":""},"_links":{"self":[{"href":"https:\/\/www.baufloor.it\/de\/wp-json\/wp\/v2\/product\/5198","targetHints":{"allow":["GET"]}}],"collection":[{"href":"https:\/\/www.baufloor.it\/de\/wp-json\/wp\/v2\/product"}],"about":[{"href":"https:\/\/www.baufloor.it\/de\/wp-json\/wp\/v2\/types\/product"}],"wp:featuredmedia":[{"embeddable":true,"href":"https:\/\/www.baufloor.it\/de\/wp-json\/wp\/v2\/media\/5200"}],"wp:attachment":[{"href":"https:\/\/www.baufloor.it\/de\/wp-json\/wp\/v2\/media?parent=5198"}],"wp:term":[{"taxonomy":"product_brand","embeddable":true,"href":"https:\/\/www.baufloor.it\/de\/wp-json\/wp\/v2\/product_brand?post=5198"},{"taxonomy":"product_cat","embeddable":true,"href":"https:\/\/www.baufloor.it\/de\/wp-json\/wp\/v2\/product_cat?post=5198"},{"taxonomy":"product_tag","embeddable":true,"href":"https:\/\/www.baufloor.it\/de\/wp-json\/wp\/v2\/product_tag?post=5198"}],"curies":[{"name":"wp","href":"https:\/\/api.w.org\/{rel}","templated":true}]}}