{"id":5121,"date":"2026-01-20T16:42:53","date_gmt":"2026-01-20T16:42:53","guid":{"rendered":"https:\/\/www.baufloor.it\/prodotto\/cenere-2\/"},"modified":"2026-02-26T16:22:43","modified_gmt":"2026-02-26T16:22:43","slug":"cenere-2","status":"publish","type":"product","link":"https:\/\/www.baufloor.it\/de\/produkt\/cenere-2\/","title":{"rendered":"CENERE"},"content":{"rendered":"<p class=\"p1\">Plankenst\u00e4rke 8 mm, einschlie\u00dflich:<\/p>\n<ul>\n<li class=\"p1\">6,5 mm SPC<\/li>\n<li class=\"p1\">1,5 mm Akustikmatte<\/li>\n<li class=\"p1\">0,5 mm Verschlei\u00dfschutzfolie<\/li>\n<\/ul>\n","protected":false},"excerpt":{"rendered":"<p class=\"p1\">Eine avantgardistische Kollektion, die einen modernen Stil umfasst: CENERE stellt ein ideales Produkt f\u00fcr diejenigen vor, die minimalistische Designl\u00f6sungen lieben, bei denen jedes einzelne M\u00f6belst\u00fcck perfekt wie in einem eleganten Mosaik sitzt.<\/p>\n","protected":false},"featured_media":5123,"template":"","meta":{"_acf_changed":false},"product_brand":[],"product_cat":[173,172],"product_tag":[],"class_list":{"0":"post-5121","1":"product","2":"type-product","3":"status-publish","4":"has-post-thumbnail","6":"product_cat-8-mm-concrete","7":"product_cat-concrete","8":"pa_spessore-collection-8-mm","9":"pa_tipologia-fliese","10":"pa_tipologia-grosses-planke","11":"pa_tipologia-pannello-de","12":"pa_tipologia-sockelleiste","13":"pa_tipologia-treppe","15":"first","16":"instock","17":"purchasable","18":"product-type-variable"},"acf":{"pacco_singolo_pezzi":"","pacco_singolo_volume":"","pacco_singolo_unita":"","pallet_pezzi":"","pallet_volume":"","pallet_unita":""},"_links":{"self":[{"href":"https:\/\/www.baufloor.it\/de\/wp-json\/wp\/v2\/product\/5121","targetHints":{"allow":["GET"]}}],"collection":[{"href":"https:\/\/www.baufloor.it\/de\/wp-json\/wp\/v2\/product"}],"about":[{"href":"https:\/\/www.baufloor.it\/de\/wp-json\/wp\/v2\/types\/product"}],"wp:featuredmedia":[{"embeddable":true,"href":"https:\/\/www.baufloor.it\/de\/wp-json\/wp\/v2\/media\/5123"}],"wp:attachment":[{"href":"https:\/\/www.baufloor.it\/de\/wp-json\/wp\/v2\/media?parent=5121"}],"wp:term":[{"taxonomy":"product_brand","embeddable":true,"href":"https:\/\/www.baufloor.it\/de\/wp-json\/wp\/v2\/product_brand?post=5121"},{"taxonomy":"product_cat","embeddable":true,"href":"https:\/\/www.baufloor.it\/de\/wp-json\/wp\/v2\/product_cat?post=5121"},{"taxonomy":"product_tag","embeddable":true,"href":"https:\/\/www.baufloor.it\/de\/wp-json\/wp\/v2\/product_tag?post=5121"}],"curies":[{"name":"wp","href":"https:\/\/api.w.org\/{rel}","templated":true}]}}