{"id":5096,"date":"2026-01-20T16:42:59","date_gmt":"2026-01-20T16:42:59","guid":{"rendered":"https:\/\/www.baufloor.it\/prodotto\/aneto\/"},"modified":"2026-02-26T13:51:21","modified_gmt":"2026-02-26T13:51:21","slug":"aneto","status":"publish","type":"product","link":"https:\/\/www.baufloor.it\/de\/produkt\/aneto\/","title":{"rendered":"ANETO"},"content":{"rendered":"<p class=\"p1\">Plankenst\u00e4rke 6 mm, einschlie\u00dflich:<\/p>\n<ul>\n<li class=\"p1\">5,0 mm SPC<\/li>\n<li class=\"p1\">1,0 mm Akustikmatte<\/li>\n<li class=\"p1\">0,55 mm Verschlei\u00dfschutzfolie<\/li>\n<\/ul>\n<p>&nbsp;<\/p>\n","protected":false},"excerpt":{"rendered":"<p class=\"p1\">Stark vom Stil der 80er inspiriert, kann ANETO Ihre kreative Seite herausfordern, indem es sich mit k\u00fchnen Tier- oder optischen Tapeten kombinieren l\u00e4sst; Es wird auch der perfekte Begleiter f\u00fcr Vintage-Einrichtungsvirtuosen sein.<\/p>\n","protected":false},"featured_media":5098,"template":"","meta":{"_acf_changed":false},"product_brand":[],"product_cat":[159,158],"product_tag":[],"class_list":{"0":"post-5096","1":"product","2":"type-product","3":"status-publish","4":"has-post-thumbnail","6":"product_cat-6-mm-oriente","7":"product_cat-oriente","8":"pa_spessore-collection-6-mm","9":"pa_tipologia-grosses-planke","10":"pa_tipologia-planke-standard","11":"pa_tipologia-sockelleiste","13":"first","14":"instock","15":"purchasable","16":"product-type-variable"},"acf":{"pacco_singolo_pezzi":"","pacco_singolo_volume":"","pacco_singolo_unita":"","pallet_pezzi":"","pallet_volume":"","pallet_unita":""},"_links":{"self":[{"href":"https:\/\/www.baufloor.it\/de\/wp-json\/wp\/v2\/product\/5096","targetHints":{"allow":["GET"]}}],"collection":[{"href":"https:\/\/www.baufloor.it\/de\/wp-json\/wp\/v2\/product"}],"about":[{"href":"https:\/\/www.baufloor.it\/de\/wp-json\/wp\/v2\/types\/product"}],"wp:featuredmedia":[{"embeddable":true,"href":"https:\/\/www.baufloor.it\/de\/wp-json\/wp\/v2\/media\/5098"}],"wp:attachment":[{"href":"https:\/\/www.baufloor.it\/de\/wp-json\/wp\/v2\/media?parent=5096"}],"wp:term":[{"taxonomy":"product_brand","embeddable":true,"href":"https:\/\/www.baufloor.it\/de\/wp-json\/wp\/v2\/product_brand?post=5096"},{"taxonomy":"product_cat","embeddable":true,"href":"https:\/\/www.baufloor.it\/de\/wp-json\/wp\/v2\/product_cat?post=5096"},{"taxonomy":"product_tag","embeddable":true,"href":"https:\/\/www.baufloor.it\/de\/wp-json\/wp\/v2\/product_tag?post=5096"}],"curies":[{"name":"wp","href":"https:\/\/api.w.org\/{rel}","templated":true}]}}