{"id":5025,"date":"2026-01-20T16:42:59","date_gmt":"2026-01-20T16:42:59","guid":{"rendered":"https:\/\/www.baufloor.it\/prodotto\/papiro\/"},"modified":"2026-02-26T09:58:51","modified_gmt":"2026-02-26T09:58:51","slug":"papiro","status":"publish","type":"product","link":"https:\/\/www.baufloor.it\/de\/produkt\/papiro\/","title":{"rendered":"PAPIRO"},"content":{"rendered":"<p class=\"p1\">Plankenst\u00e4rke 6 mm, einschlie\u00dflich:<\/p>\n<ul>\n<li class=\"p1\">4,5 mm SPC<\/li>\n<li class=\"p1\">1,5 mm Akustikmatte<\/li>\n<li class=\"p1\">0,55 mm Verschlei\u00dfschutzfolie<\/li>\n<\/ul>\n<p>&nbsp;<\/p>\n","protected":false},"excerpt":{"rendered":"<p class=\"p1\">PAPIRO ist eine garantierte Wahl f\u00fcr diejenigen, die eine komfortable und gut beleuchtete Umgebung schaffen m\u00f6chten. Die Dauben haben eine nat\u00fcrliche Farbe, extrem hell und dekorativ, belebt und bereichert durch Knoten und Adern.<\/p>\n","protected":false},"featured_media":5027,"template":"","meta":{"_acf_changed":false},"product_brand":[],"product_cat":[166,165],"product_tag":[],"class_list":{"0":"post-5025","1":"product","2":"type-product","3":"status-publish","4":"has-post-thumbnail","6":"product_cat-6-mm","7":"product_cat-royal","8":"pa_spessore-collection-6-mm","9":"pa_tipologia-planke","10":"pa_tipologia-sockelleiste","12":"first","13":"instock","14":"purchasable","15":"product-type-variable"},"acf":{"pacco_singolo_pezzi":"","pacco_singolo_volume":"","pacco_singolo_unita":"","pallet_pezzi":"","pallet_volume":"","pallet_unita":""},"_links":{"self":[{"href":"https:\/\/www.baufloor.it\/de\/wp-json\/wp\/v2\/product\/5025","targetHints":{"allow":["GET"]}}],"collection":[{"href":"https:\/\/www.baufloor.it\/de\/wp-json\/wp\/v2\/product"}],"about":[{"href":"https:\/\/www.baufloor.it\/de\/wp-json\/wp\/v2\/types\/product"}],"wp:featuredmedia":[{"embeddable":true,"href":"https:\/\/www.baufloor.it\/de\/wp-json\/wp\/v2\/media\/5027"}],"wp:attachment":[{"href":"https:\/\/www.baufloor.it\/de\/wp-json\/wp\/v2\/media?parent=5025"}],"wp:term":[{"taxonomy":"product_brand","embeddable":true,"href":"https:\/\/www.baufloor.it\/de\/wp-json\/wp\/v2\/product_brand?post=5025"},{"taxonomy":"product_cat","embeddable":true,"href":"https:\/\/www.baufloor.it\/de\/wp-json\/wp\/v2\/product_cat?post=5025"},{"taxonomy":"product_tag","embeddable":true,"href":"https:\/\/www.baufloor.it\/de\/wp-json\/wp\/v2\/product_tag?post=5025"}],"curies":[{"name":"wp","href":"https:\/\/api.w.org\/{rel}","templated":true}]}}