{"id":5005,"date":"2026-01-20T16:43:04","date_gmt":"2026-01-20T16:43:04","guid":{"rendered":"https:\/\/www.baufloor.it\/prodotto\/oro\/"},"modified":"2026-02-26T14:59:55","modified_gmt":"2026-02-26T14:59:55","slug":"oro","status":"publish","type":"product","link":"https:\/\/www.baufloor.it\/de\/produkt\/oro\/","title":{"rendered":"ORO"},"content":{"rendered":"<p class=\"p1\">Plankenst\u00e4rke 5 mm, einschlie\u00dflich:<\/p>\n<ul>\n<li class=\"p1\">4,0 mm SPC<\/li>\n<li class=\"p1\">1,0 mm Akustikmatte<\/li>\n<li class=\"p1\">0,3 mm Verschlei\u00dfschutzfolie<\/li>\n<\/ul>\n","protected":false},"excerpt":{"rendered":"<p class=\"p1\">Nicht alles was gl\u00e4nzt ist Gold, hei\u00dft es doch, f\u00fcr alle, die ihr Zuhause \u201egl\u00e4nzen\u201c sehen wollen, haben wir das richtige Produkt f\u00fcr Sie.<\/p>\n","protected":false},"featured_media":5007,"template":"","meta":{"_acf_changed":false},"product_brand":[],"product_cat":[149,148],"product_tag":[],"class_list":{"0":"post-5005","1":"product","2":"type-product","3":"status-publish","4":"has-post-thumbnail","6":"product_cat-5-mm","7":"product_cat-silver","8":"pa_spessore-collection-5-mm","9":"pa_tipologia-planke","10":"pa_tipologia-sockelleiste","12":"first","13":"instock","14":"purchasable","15":"product-type-variable"},"acf":{"pacco_singolo_pezzi":"","pacco_singolo_volume":"","pacco_singolo_unita":"","pallet_pezzi":"","pallet_volume":"","pallet_unita":""},"_links":{"self":[{"href":"https:\/\/www.baufloor.it\/de\/wp-json\/wp\/v2\/product\/5005","targetHints":{"allow":["GET"]}}],"collection":[{"href":"https:\/\/www.baufloor.it\/de\/wp-json\/wp\/v2\/product"}],"about":[{"href":"https:\/\/www.baufloor.it\/de\/wp-json\/wp\/v2\/types\/product"}],"wp:featuredmedia":[{"embeddable":true,"href":"https:\/\/www.baufloor.it\/de\/wp-json\/wp\/v2\/media\/5007"}],"wp:attachment":[{"href":"https:\/\/www.baufloor.it\/de\/wp-json\/wp\/v2\/media?parent=5005"}],"wp:term":[{"taxonomy":"product_brand","embeddable":true,"href":"https:\/\/www.baufloor.it\/de\/wp-json\/wp\/v2\/product_brand?post=5005"},{"taxonomy":"product_cat","embeddable":true,"href":"https:\/\/www.baufloor.it\/de\/wp-json\/wp\/v2\/product_cat?post=5005"},{"taxonomy":"product_tag","embeddable":true,"href":"https:\/\/www.baufloor.it\/de\/wp-json\/wp\/v2\/product_tag?post=5005"}],"curies":[{"name":"wp","href":"https:\/\/api.w.org\/{rel}","templated":true}]}}