{"id":4985,"date":"2026-01-20T16:43:04","date_gmt":"2026-01-20T16:43:04","guid":{"rendered":"https:\/\/www.baufloor.it\/prodotto\/coriandolo\/"},"modified":"2026-02-26T14:45:40","modified_gmt":"2026-02-26T14:45:40","slug":"coriandolo","status":"publish","type":"product","link":"https:\/\/www.baufloor.it\/de\/produkt\/coriandolo\/","title":{"rendered":"CORIANDOLO"},"content":{"rendered":"<p class=\"p1\">Plankenst\u00e4rke 6 mm, einschlie\u00dflich:<\/p>\n<ul>\n<li class=\"p1\">5,0 mm SPC<\/li>\n<li class=\"p1\">1,0 mm Akustikmatte<\/li>\n<li class=\"p1\">0,55 mm Verschlei\u00dfschutzfolie<\/li>\n<\/ul>\n<p>&nbsp;<\/p>\n","protected":false},"excerpt":{"rendered":"<p class=\"p1\">Ein echtes Muss f\u00fcr Liebhaber des Minimal Chic, CORIANDOLO wird Ihre Kreativit\u00e4t befl\u00fcgeln. Wagen, schaffen, aber vor allem Zuhause f\u00fchlen.<\/p>\n","protected":false},"featured_media":4987,"template":"","meta":{"_acf_changed":false},"product_brand":[],"product_cat":[159,158],"product_tag":[],"class_list":{"0":"post-4985","1":"product","2":"type-product","3":"status-publish","4":"has-post-thumbnail","6":"product_cat-6-mm-oriente","7":"product_cat-oriente","8":"pa_spessore-collection-6-mm","9":"pa_tipologia-planke","10":"pa_tipologia-sockelleiste","12":"first","13":"instock","14":"purchasable","15":"product-type-variable"},"acf":{"pacco_singolo_pezzi":"","pacco_singolo_volume":"","pacco_singolo_unita":"","pallet_pezzi":"","pallet_volume":"","pallet_unita":""},"_links":{"self":[{"href":"https:\/\/www.baufloor.it\/de\/wp-json\/wp\/v2\/product\/4985","targetHints":{"allow":["GET"]}}],"collection":[{"href":"https:\/\/www.baufloor.it\/de\/wp-json\/wp\/v2\/product"}],"about":[{"href":"https:\/\/www.baufloor.it\/de\/wp-json\/wp\/v2\/types\/product"}],"wp:featuredmedia":[{"embeddable":true,"href":"https:\/\/www.baufloor.it\/de\/wp-json\/wp\/v2\/media\/4987"}],"wp:attachment":[{"href":"https:\/\/www.baufloor.it\/de\/wp-json\/wp\/v2\/media?parent=4985"}],"wp:term":[{"taxonomy":"product_brand","embeddable":true,"href":"https:\/\/www.baufloor.it\/de\/wp-json\/wp\/v2\/product_brand?post=4985"},{"taxonomy":"product_cat","embeddable":true,"href":"https:\/\/www.baufloor.it\/de\/wp-json\/wp\/v2\/product_cat?post=4985"},{"taxonomy":"product_tag","embeddable":true,"href":"https:\/\/www.baufloor.it\/de\/wp-json\/wp\/v2\/product_tag?post=4985"}],"curies":[{"name":"wp","href":"https:\/\/api.w.org\/{rel}","templated":true}]}}