{"id":4811,"date":"2026-01-20T16:43:10","date_gmt":"2026-01-20T16:43:10","guid":{"rendered":"https:\/\/www.baufloor.it\/prodotto\/miele\/"},"modified":"2026-02-26T15:02:37","modified_gmt":"2026-02-26T15:02:37","slug":"miele","status":"publish","type":"product","link":"https:\/\/www.baufloor.it\/de\/produkt\/miele\/","title":{"rendered":"MIELE"},"content":{"rendered":"<p class=\"p1\">Plankenst\u00e4rke 5 mm, einschlie\u00dflich:<\/p>\n<ul>\n<li class=\"p1\">4,0 mm SPC<\/li>\n<li class=\"p1\">1,0 mm Akustikmatte<\/li>\n<li class=\"p1\">0,3 mm Verschlei\u00dfschutzfolie<\/li>\n<\/ul>\n<p>&nbsp;<\/p>\n","protected":false},"excerpt":{"rendered":"<p class=\"p1\">MIELE best\u00e4tigt die unglaubliche Vielseitigkeit der SILVER-Linie. Ob es sich um ein Ess- oder ein Wohnzimmer handelt, seine goldenen Farbt\u00f6ne verleihen die \u201eS\u00fc\u00dfe\u201c, die notwendig ist, um die W\u00e4rme Ihres Zuhauses in vollen Z\u00fcgen zu genie\u00dfen.<\/p>\n","protected":false},"featured_media":4813,"template":"","meta":{"_acf_changed":false},"product_brand":[],"product_cat":[149,148],"product_tag":[],"class_list":{"0":"post-4811","1":"product","2":"type-product","3":"status-publish","4":"has-post-thumbnail","6":"product_cat-5-mm","7":"product_cat-silver","8":"pa_spessore-collection-5-mm","9":"pa_tipologia-planke","10":"pa_tipologia-sockelleiste","12":"first","13":"instock","14":"purchasable","15":"product-type-variable"},"acf":{"pacco_singolo_pezzi":"","pacco_singolo_volume":"","pacco_singolo_unita":"","pallet_pezzi":"","pallet_volume":"","pallet_unita":""},"_links":{"self":[{"href":"https:\/\/www.baufloor.it\/de\/wp-json\/wp\/v2\/product\/4811","targetHints":{"allow":["GET"]}}],"collection":[{"href":"https:\/\/www.baufloor.it\/de\/wp-json\/wp\/v2\/product"}],"about":[{"href":"https:\/\/www.baufloor.it\/de\/wp-json\/wp\/v2\/types\/product"}],"wp:featuredmedia":[{"embeddable":true,"href":"https:\/\/www.baufloor.it\/de\/wp-json\/wp\/v2\/media\/4813"}],"wp:attachment":[{"href":"https:\/\/www.baufloor.it\/de\/wp-json\/wp\/v2\/media?parent=4811"}],"wp:term":[{"taxonomy":"product_brand","embeddable":true,"href":"https:\/\/www.baufloor.it\/de\/wp-json\/wp\/v2\/product_brand?post=4811"},{"taxonomy":"product_cat","embeddable":true,"href":"https:\/\/www.baufloor.it\/de\/wp-json\/wp\/v2\/product_cat?post=4811"},{"taxonomy":"product_tag","embeddable":true,"href":"https:\/\/www.baufloor.it\/de\/wp-json\/wp\/v2\/product_tag?post=4811"}],"curies":[{"name":"wp","href":"https:\/\/api.w.org\/{rel}","templated":true}]}}