{"id":4794,"date":"2026-01-20T16:43:16","date_gmt":"2026-01-20T16:43:16","guid":{"rendered":"https:\/\/www.baufloor.it\/prodotto\/arenal\/"},"modified":"2026-02-26T15:44:39","modified_gmt":"2026-02-26T15:44:39","slug":"arenal","status":"publish","type":"product","link":"https:\/\/www.baufloor.it\/de\/produkt\/arenal\/","title":{"rendered":"ARENAL"},"content":{"rendered":"","protected":false},"excerpt":{"rendered":"<p class=\"p1\">Hinter einer scheinbaren K\u00e4lte verbirgt die Marmortextur von ARENAL ein enormes Stilpotenzial und verleiht Ihren R\u00e4umen ein Gef\u00fchl von Ruhe, Eleganz und Sch\u00f6nheit mit einem zeitlosen Geschmack.<\/p>\n","protected":false},"featured_media":4796,"template":"","meta":{"_acf_changed":false},"product_brand":[],"product_cat":[140,139],"product_tag":[],"class_list":{"0":"post-4794","1":"product","2":"type-product","3":"status-publish","4":"has-post-thumbnail","6":"product_cat-4-mm","7":"product_cat-strato-wall","8":"pa_spessore-collection-4-mm","9":"pa_tipologia-pannello-de","11":"first","12":"instock","13":"purchasable","14":"product-type-variable"},"acf":{"pacco_singolo_pezzi":"","pacco_singolo_volume":"","pacco_singolo_unita":"","pallet_pezzi":"","pallet_volume":"","pallet_unita":""},"_links":{"self":[{"href":"https:\/\/www.baufloor.it\/de\/wp-json\/wp\/v2\/product\/4794","targetHints":{"allow":["GET"]}}],"collection":[{"href":"https:\/\/www.baufloor.it\/de\/wp-json\/wp\/v2\/product"}],"about":[{"href":"https:\/\/www.baufloor.it\/de\/wp-json\/wp\/v2\/types\/product"}],"wp:featuredmedia":[{"embeddable":true,"href":"https:\/\/www.baufloor.it\/de\/wp-json\/wp\/v2\/media\/4796"}],"wp:attachment":[{"href":"https:\/\/www.baufloor.it\/de\/wp-json\/wp\/v2\/media?parent=4794"}],"wp:term":[{"taxonomy":"product_brand","embeddable":true,"href":"https:\/\/www.baufloor.it\/de\/wp-json\/wp\/v2\/product_brand?post=4794"},{"taxonomy":"product_cat","embeddable":true,"href":"https:\/\/www.baufloor.it\/de\/wp-json\/wp\/v2\/product_cat?post=4794"},{"taxonomy":"product_tag","embeddable":true,"href":"https:\/\/www.baufloor.it\/de\/wp-json\/wp\/v2\/product_tag?post=4794"}],"curies":[{"name":"wp","href":"https:\/\/api.w.org\/{rel}","templated":true}]}}