{"id":4778,"date":"2026-01-20T16:43:16","date_gmt":"2026-01-20T16:43:16","guid":{"rendered":"https:\/\/www.baufloor.it\/prodotto\/sesamo-2\/"},"modified":"2026-02-26T15:41:58","modified_gmt":"2026-02-26T15:41:58","slug":"sesamo-2","status":"publish","type":"product","link":"https:\/\/www.baufloor.it\/de\/produkt\/sesamo-2\/","title":{"rendered":"SESAMO"},"content":{"rendered":"","protected":false},"excerpt":{"rendered":"<p class=\"p1\">Um Ihren R\u00e4umen einen nat\u00fcrlichen, wilden Charme zu verleihen, empfehlen wir SESAMO: Seine realistische Maserung imitiert perfekt die W\u00e4rme einer echten Kastanienwand.<\/p>\n","protected":false},"featured_media":4780,"template":"","meta":{"_acf_changed":false},"product_brand":[],"product_cat":[140,139],"product_tag":[],"class_list":{"0":"post-4778","1":"product","2":"type-product","3":"status-publish","4":"has-post-thumbnail","6":"product_cat-4-mm","7":"product_cat-strato-wall","8":"pa_spessore-collection-4-mm","9":"pa_tipologia-pannello-de","11":"first","12":"instock","13":"purchasable","14":"product-type-variable"},"acf":{"pacco_singolo_pezzi":"","pacco_singolo_volume":"","pacco_singolo_unita":"","pallet_pezzi":"","pallet_volume":"","pallet_unita":""},"_links":{"self":[{"href":"https:\/\/www.baufloor.it\/de\/wp-json\/wp\/v2\/product\/4778","targetHints":{"allow":["GET"]}}],"collection":[{"href":"https:\/\/www.baufloor.it\/de\/wp-json\/wp\/v2\/product"}],"about":[{"href":"https:\/\/www.baufloor.it\/de\/wp-json\/wp\/v2\/types\/product"}],"wp:featuredmedia":[{"embeddable":true,"href":"https:\/\/www.baufloor.it\/de\/wp-json\/wp\/v2\/media\/4780"}],"wp:attachment":[{"href":"https:\/\/www.baufloor.it\/de\/wp-json\/wp\/v2\/media?parent=4778"}],"wp:term":[{"taxonomy":"product_brand","embeddable":true,"href":"https:\/\/www.baufloor.it\/de\/wp-json\/wp\/v2\/product_brand?post=4778"},{"taxonomy":"product_cat","embeddable":true,"href":"https:\/\/www.baufloor.it\/de\/wp-json\/wp\/v2\/product_cat?post=4778"},{"taxonomy":"product_tag","embeddable":true,"href":"https:\/\/www.baufloor.it\/de\/wp-json\/wp\/v2\/product_tag?post=4778"}],"curies":[{"name":"wp","href":"https:\/\/api.w.org\/{rel}","templated":true}]}}