{"id":4770,"date":"2026-01-20T16:43:16","date_gmt":"2026-01-20T16:43:16","guid":{"rendered":"https:\/\/www.baufloor.it\/prodotto\/vaniglia-2\/"},"modified":"2026-02-26T15:39:14","modified_gmt":"2026-02-26T15:39:14","slug":"vaniglia-2","status":"publish","type":"product","link":"https:\/\/www.baufloor.it\/de\/produkt\/vaniglia-2\/","title":{"rendered":"VANIGLIA"},"content":{"rendered":"","protected":false},"excerpt":{"rendered":"<p class=\"p1\">Dank der chromatischen Neutralit\u00e4t von VANIGLIA haben Sie nicht nur die M\u00f6glichkeit, Umgebungen mit einer entspannten, modernen und anspruchsvollen Atmosph\u00e4re zu schaffen, sondern es wird auch eine angenehme und diskrete Pr\u00e4senz aufweisen, die die umgebenden M\u00f6bel aufwertet.<\/p>\n","protected":false},"featured_media":4772,"template":"","meta":{"_acf_changed":false},"product_brand":[],"product_cat":[140,139],"product_tag":[],"class_list":{"0":"post-4770","1":"product","2":"type-product","3":"status-publish","4":"has-post-thumbnail","6":"product_cat-4-mm","7":"product_cat-strato-wall","8":"pa_spessore-collection-4-mm","9":"pa_tipologia-pannello-de","11":"first","12":"instock","13":"purchasable","14":"product-type-variable"},"acf":{"pacco_singolo_pezzi":"","pacco_singolo_volume":"","pacco_singolo_unita":"","pallet_pezzi":"","pallet_volume":"","pallet_unita":""},"_links":{"self":[{"href":"https:\/\/www.baufloor.it\/de\/wp-json\/wp\/v2\/product\/4770","targetHints":{"allow":["GET"]}}],"collection":[{"href":"https:\/\/www.baufloor.it\/de\/wp-json\/wp\/v2\/product"}],"about":[{"href":"https:\/\/www.baufloor.it\/de\/wp-json\/wp\/v2\/types\/product"}],"wp:featuredmedia":[{"embeddable":true,"href":"https:\/\/www.baufloor.it\/de\/wp-json\/wp\/v2\/media\/4772"}],"wp:attachment":[{"href":"https:\/\/www.baufloor.it\/de\/wp-json\/wp\/v2\/media?parent=4770"}],"wp:term":[{"taxonomy":"product_brand","embeddable":true,"href":"https:\/\/www.baufloor.it\/de\/wp-json\/wp\/v2\/product_brand?post=4770"},{"taxonomy":"product_cat","embeddable":true,"href":"https:\/\/www.baufloor.it\/de\/wp-json\/wp\/v2\/product_cat?post=4770"},{"taxonomy":"product_tag","embeddable":true,"href":"https:\/\/www.baufloor.it\/de\/wp-json\/wp\/v2\/product_tag?post=4770"}],"curies":[{"name":"wp","href":"https:\/\/api.w.org\/{rel}","templated":true}]}}