{"id":4762,"date":"2026-01-20T16:43:16","date_gmt":"2026-01-20T16:43:16","guid":{"rendered":"https:\/\/www.baufloor.it\/prodotto\/aneto-2\/"},"modified":"2026-02-26T15:37:54","modified_gmt":"2026-02-26T15:37:54","slug":"aneto-2","status":"publish","type":"product","link":"https:\/\/www.baufloor.it\/de\/produkt\/aneto-2\/","title":{"rendered":"ANETO"},"content":{"rendered":"","protected":false},"excerpt":{"rendered":"<p class=\"p1\">Ein klassischer Geschmack, eine Essenz, die alle Ihre Anforderungen an die Inneneinrichtung erf\u00fcllt. Mit ANETO k\u00f6nnen Sie mit wenig Aufwand einladende Umgebungen schaffen und Ihren R\u00e4umen dank der zeitlosen Eichent\u00f6ne W\u00e4rme verleihen.<\/p>\n","protected":false},"featured_media":4764,"template":"","meta":{"_acf_changed":false},"product_brand":[],"product_cat":[140,139],"product_tag":[],"class_list":{"0":"post-4762","1":"product","2":"type-product","3":"status-publish","4":"has-post-thumbnail","6":"product_cat-4-mm","7":"product_cat-strato-wall","8":"pa_spessore-collection-4-mm","9":"pa_tipologia-pannello-de","11":"first","12":"instock","13":"purchasable","14":"product-type-variable"},"acf":{"pacco_singolo_pezzi":"","pacco_singolo_volume":"","pacco_singolo_unita":"","pallet_pezzi":"","pallet_volume":"","pallet_unita":""},"_links":{"self":[{"href":"https:\/\/www.baufloor.it\/de\/wp-json\/wp\/v2\/product\/4762","targetHints":{"allow":["GET"]}}],"collection":[{"href":"https:\/\/www.baufloor.it\/de\/wp-json\/wp\/v2\/product"}],"about":[{"href":"https:\/\/www.baufloor.it\/de\/wp-json\/wp\/v2\/types\/product"}],"wp:featuredmedia":[{"embeddable":true,"href":"https:\/\/www.baufloor.it\/de\/wp-json\/wp\/v2\/media\/4764"}],"wp:attachment":[{"href":"https:\/\/www.baufloor.it\/de\/wp-json\/wp\/v2\/media?parent=4762"}],"wp:term":[{"taxonomy":"product_brand","embeddable":true,"href":"https:\/\/www.baufloor.it\/de\/wp-json\/wp\/v2\/product_brand?post=4762"},{"taxonomy":"product_cat","embeddable":true,"href":"https:\/\/www.baufloor.it\/de\/wp-json\/wp\/v2\/product_cat?post=4762"},{"taxonomy":"product_tag","embeddable":true,"href":"https:\/\/www.baufloor.it\/de\/wp-json\/wp\/v2\/product_tag?post=4762"}],"curies":[{"name":"wp","href":"https:\/\/api.w.org\/{rel}","templated":true}]}}