{"id":4753,"date":"2026-01-20T16:43:16","date_gmt":"2026-01-20T16:43:16","guid":{"rendered":"https:\/\/www.baufloor.it\/prodotto\/sole\/"},"modified":"2026-02-26T15:35:53","modified_gmt":"2026-02-26T15:35:53","slug":"sole","status":"publish","type":"product","link":"https:\/\/www.baufloor.it\/de\/produkt\/sole\/","title":{"rendered":"SOLE"},"content":{"rendered":"<p class=\"p1\">Plankenst\u00e4rke 5 mm, einschlie\u00dflich:<\/p>\n<ul>\n<li class=\"p1\">4,0 mm SPC<\/li>\n<li class=\"p1\">1,0 mm Akustikmatte<\/li>\n<li class=\"p1\">0,3 mm Verschlei\u00dfschutzfolie<\/li>\n<\/ul>\n<p>&nbsp;<\/p>\n","protected":false},"excerpt":{"rendered":"<p class=\"p1\">Extravaganz in H\u00fclle und F\u00fclle: In einer SOLE-Schachtel finden Sie eine Reihe von Farbverl\u00e4ufen, die verschiedene Holzarten gekonnt nachahmen, die nie gleich sind, und tausend fantasievolle Gestaltungsideen er\u00f6ffnen.<\/p>\n","protected":false},"featured_media":4755,"template":"","meta":{"_acf_changed":false},"product_brand":[],"product_cat":[149,148],"product_tag":[],"class_list":{"0":"post-4753","1":"product","2":"type-product","3":"status-publish","4":"has-post-thumbnail","6":"product_cat-5-mm","7":"product_cat-silver","8":"pa_spessore-collection-5-mm","9":"pa_tipologia-planke","10":"pa_tipologia-sockelleiste","12":"first","13":"instock","14":"purchasable","15":"product-type-variable"},"acf":{"pacco_singolo_pezzi":"","pacco_singolo_volume":"","pacco_singolo_unita":"","pallet_pezzi":"","pallet_volume":"","pallet_unita":""},"_links":{"self":[{"href":"https:\/\/www.baufloor.it\/de\/wp-json\/wp\/v2\/product\/4753","targetHints":{"allow":["GET"]}}],"collection":[{"href":"https:\/\/www.baufloor.it\/de\/wp-json\/wp\/v2\/product"}],"about":[{"href":"https:\/\/www.baufloor.it\/de\/wp-json\/wp\/v2\/types\/product"}],"wp:featuredmedia":[{"embeddable":true,"href":"https:\/\/www.baufloor.it\/de\/wp-json\/wp\/v2\/media\/4755"}],"wp:attachment":[{"href":"https:\/\/www.baufloor.it\/de\/wp-json\/wp\/v2\/media?parent=4753"}],"wp:term":[{"taxonomy":"product_brand","embeddable":true,"href":"https:\/\/www.baufloor.it\/de\/wp-json\/wp\/v2\/product_brand?post=4753"},{"taxonomy":"product_cat","embeddable":true,"href":"https:\/\/www.baufloor.it\/de\/wp-json\/wp\/v2\/product_cat?post=4753"},{"taxonomy":"product_tag","embeddable":true,"href":"https:\/\/www.baufloor.it\/de\/wp-json\/wp\/v2\/product_tag?post=4753"}],"curies":[{"name":"wp","href":"https:\/\/api.w.org\/{rel}","templated":true}]}}