{"id":4737,"date":"2026-01-28T09:10:37","date_gmt":"2026-01-28T09:10:37","guid":{"rendered":"https:\/\/www.baufloor.it\/prodotto\/taglierina-multifunzione-per-pavimenti-superprofessionale\/"},"modified":"2026-03-03T10:41:21","modified_gmt":"2026-03-03T10:41:21","slug":"super-professioneller-multifunktions-fussbodenschneider","status":"publish","type":"product","link":"https:\/\/www.baufloor.it\/de\/produkt\/super-professioneller-multifunktions-fussbodenschneider\/","title":{"rendered":"SUPER PROFESSIONELLER MULTIFUNKTIONS &#8211; FUSSBODENSCHNEIDER"},"content":{"rendered":"<p class=\"p1\">Der superprofessionelle BAUFLOOR<sup>\u00ae<\/sup> Multifunktions-Handschneider ist ein Produkt von h\u00f6chster Qualit\u00e4t in jedem einzelnen technischen Detail und in den verwendeten Materialien. Ideal auch f\u00fcr Schnittst\u00e4rken bis 16 mm. Klinge aus Schnellarbeitsstahl.<\/p>\n","protected":false},"excerpt":{"rendered":"<p>Der superprofessionelle BAUFLOOR\u00ae Multifunktions-Handschneider ist ein Produkt von h\u00f6chster Qualit\u00e4t in jedem einzelnen technischen Detail und in den verwendeten Materialien. Ideal auch f\u00fcr Schnittst\u00e4rken bis 16 mm. Klinge aus Schnellarbeitsstahl.<\/p>\n","protected":false},"featured_media":4739,"template":"","meta":{"_acf_changed":false},"product_brand":[],"product_cat":[116],"product_tag":[],"class_list":{"0":"post-4737","1":"product","2":"type-product","3":"status-publish","4":"has-post-thumbnail","6":"product_cat-verlegezubehoer","8":"first","9":"instock","10":"shipping-taxable","11":"product-type-simple"},"acf":{"pacco_singolo_pezzi":1,"pacco_singolo_volume":"","pacco_singolo_unita":"pz","pallet_pezzi":"","pallet_volume":"","pallet_unita":""},"_links":{"self":[{"href":"https:\/\/www.baufloor.it\/de\/wp-json\/wp\/v2\/product\/4737","targetHints":{"allow":["GET"]}}],"collection":[{"href":"https:\/\/www.baufloor.it\/de\/wp-json\/wp\/v2\/product"}],"about":[{"href":"https:\/\/www.baufloor.it\/de\/wp-json\/wp\/v2\/types\/product"}],"wp:featuredmedia":[{"embeddable":true,"href":"https:\/\/www.baufloor.it\/de\/wp-json\/wp\/v2\/media\/4739"}],"wp:attachment":[{"href":"https:\/\/www.baufloor.it\/de\/wp-json\/wp\/v2\/media?parent=4737"}],"wp:term":[{"taxonomy":"product_brand","embeddable":true,"href":"https:\/\/www.baufloor.it\/de\/wp-json\/wp\/v2\/product_brand?post=4737"},{"taxonomy":"product_cat","embeddable":true,"href":"https:\/\/www.baufloor.it\/de\/wp-json\/wp\/v2\/product_cat?post=4737"},{"taxonomy":"product_tag","embeddable":true,"href":"https:\/\/www.baufloor.it\/de\/wp-json\/wp\/v2\/product_tag?post=4737"}],"curies":[{"name":"wp","href":"https:\/\/api.w.org\/{rel}","templated":true}]}}