{"id":4727,"date":"2026-01-28T10:36:12","date_gmt":"2026-01-28T10:36:12","guid":{"rendered":"https:\/\/www.baufloor.it\/prodotto\/profilo-universale-per-uso-residenziale\/"},"modified":"2026-03-02T08:52:05","modified_gmt":"2026-03-02T08:52:05","slug":"universelles-profil-fuer-wohngebiete","status":"publish","type":"product","link":"https:\/\/www.baufloor.it\/de\/produkt\/universelles-profil-fuer-wohngebiete\/","title":{"rendered":"UNIVERSELLES PROFIL F\u00dcR WOHNGEBIETE"},"content":{"rendered":"<p class=\"p1\">BAUFLOOR<sup>\u00ae <\/sup>bietet auch die beste L\u00f6sung f\u00fcr den Abschluss von Treppen. Mit den Universalprofilen k\u00f6nnen Sie Ihre SPC- oder Laminatb\u00f6den auch in diesem Bereich einsetzen. Die Profile f\u00fcr den Wohnbereich sind verdeckt und verleihen Ihren Schritten einen Hauch von Eleganz. Jede Dicke des verwendeten Bodenbelags hat sein eigenes charakteristisches Profil, das verlegt werden muss.<\/p>\n","protected":false},"excerpt":{"rendered":"<p>BAUFLOOR\u00ae bietet auch die beste L\u00f6sung f\u00fcr den Abschluss von Treppen. Mit den Universalprofilen k\u00f6nnen Sie Ihre SPC- oder Laminatb\u00f6den auch in diesem Bereich einsetzen. Die Profile f\u00fcr den Wohnbereich sind verdeckt und verleihen Ihren Schritten einen Hauch von Eleganz. Jede Dicke des verwendeten Bodenbelags hat sein eigenes charakteristisches Profil, das verlegt werden muss.<\/p>\n","protected":false},"featured_media":4729,"template":"","meta":{"_acf_changed":false},"product_brand":[],"product_cat":[116],"product_tag":[],"class_list":{"0":"post-4727","1":"product","2":"type-product","3":"status-publish","4":"has-post-thumbnail","6":"product_cat-verlegezubehoer","8":"first","9":"instock","10":"shipping-taxable","11":"product-type-variable"},"acf":{"pacco_singolo_pezzi":"","pacco_singolo_volume":"","pacco_singolo_unita":"","pallet_pezzi":"","pallet_volume":"","pallet_unita":""},"_links":{"self":[{"href":"https:\/\/www.baufloor.it\/de\/wp-json\/wp\/v2\/product\/4727","targetHints":{"allow":["GET"]}}],"collection":[{"href":"https:\/\/www.baufloor.it\/de\/wp-json\/wp\/v2\/product"}],"about":[{"href":"https:\/\/www.baufloor.it\/de\/wp-json\/wp\/v2\/types\/product"}],"wp:featuredmedia":[{"embeddable":true,"href":"https:\/\/www.baufloor.it\/de\/wp-json\/wp\/v2\/media\/4729"}],"wp:attachment":[{"href":"https:\/\/www.baufloor.it\/de\/wp-json\/wp\/v2\/media?parent=4727"}],"wp:term":[{"taxonomy":"product_brand","embeddable":true,"href":"https:\/\/www.baufloor.it\/de\/wp-json\/wp\/v2\/product_brand?post=4727"},{"taxonomy":"product_cat","embeddable":true,"href":"https:\/\/www.baufloor.it\/de\/wp-json\/wp\/v2\/product_cat?post=4727"},{"taxonomy":"product_tag","embeddable":true,"href":"https:\/\/www.baufloor.it\/de\/wp-json\/wp\/v2\/product_tag?post=4727"}],"curies":[{"name":"wp","href":"https:\/\/api.w.org\/{rel}","templated":true}]}}