{"id":4717,"date":"2026-01-29T11:11:03","date_gmt":"2026-01-29T11:11:03","guid":{"rendered":"https:\/\/www.baufloor.it\/prodotto\/taglierina-multifunzione-per-pavimenti-professionale\/"},"modified":"2026-03-03T10:42:08","modified_gmt":"2026-03-03T10:42:08","slug":"professioneller-multifunktions-fussbodenschneider","status":"publish","type":"product","link":"https:\/\/www.baufloor.it\/de\/produkt\/professioneller-multifunktions-fussbodenschneider\/","title":{"rendered":"PROFESSIONELLER MULTIFUNKTIONS-FUSSBODENSCHNEIDER"},"content":{"rendered":"<p class=\"p1\">Der BAUFLOOR<sup>\u00ae<\/sup> Multifunktions-Handschneider stellt den richtigen Kompromiss zwischen der Notwendigkeit eines pr\u00e4zisen und sauberen Schnitts f\u00fcr die g\u00e4ngigsten Dicken und seiner einfachen Handhabung dar. Schnelle und einfache Montage.<\/p>\n","protected":false},"excerpt":{"rendered":"<p>Der BAUFLOOR\u00ae Multifunktions-Handschneider stellt den richtigen Kompromiss zwischen der Notwendigkeit eines pr\u00e4zisen und sauberen Schnitts f\u00fcr die g\u00e4ngigsten Dicken und seiner einfachen Handhabung dar. Schnelle und einfache Montage.<\/p>\n","protected":false},"featured_media":4719,"template":"","meta":{"_acf_changed":false},"product_brand":[],"product_cat":[116],"product_tag":[],"class_list":{"0":"post-4717","1":"product","2":"type-product","3":"status-publish","4":"has-post-thumbnail","6":"product_cat-verlegezubehoer","8":"first","9":"instock","10":"shipping-taxable","11":"product-type-simple"},"acf":{"pacco_singolo_pezzi":1,"pacco_singolo_volume":"","pacco_singolo_unita":"pz","pallet_pezzi":"","pallet_volume":"","pallet_unita":""},"_links":{"self":[{"href":"https:\/\/www.baufloor.it\/de\/wp-json\/wp\/v2\/product\/4717","targetHints":{"allow":["GET"]}}],"collection":[{"href":"https:\/\/www.baufloor.it\/de\/wp-json\/wp\/v2\/product"}],"about":[{"href":"https:\/\/www.baufloor.it\/de\/wp-json\/wp\/v2\/types\/product"}],"wp:featuredmedia":[{"embeddable":true,"href":"https:\/\/www.baufloor.it\/de\/wp-json\/wp\/v2\/media\/4719"}],"wp:attachment":[{"href":"https:\/\/www.baufloor.it\/de\/wp-json\/wp\/v2\/media?parent=4717"}],"wp:term":[{"taxonomy":"product_brand","embeddable":true,"href":"https:\/\/www.baufloor.it\/de\/wp-json\/wp\/v2\/product_brand?post=4717"},{"taxonomy":"product_cat","embeddable":true,"href":"https:\/\/www.baufloor.it\/de\/wp-json\/wp\/v2\/product_cat?post=4717"},{"taxonomy":"product_tag","embeddable":true,"href":"https:\/\/www.baufloor.it\/de\/wp-json\/wp\/v2\/product_tag?post=4717"}],"curies":[{"name":"wp","href":"https:\/\/api.w.org\/{rel}","templated":true}]}}