{"id":4712,"date":"2026-01-29T11:16:44","date_gmt":"2026-01-29T11:16:44","guid":{"rendered":"https:\/\/www.baufloor.it\/prodotto\/autolivellante-per-interni\/"},"modified":"2026-03-03T10:42:45","modified_gmt":"2026-03-03T10:42:45","slug":"selbstnivellierend-fuer-innenraeume","status":"publish","type":"product","link":"https:\/\/www.baufloor.it\/de\/produkt\/selbstnivellierend-fuer-innenraeume\/","title":{"rendered":"SELBSTNIVELLIEREND F\u00dcR INNENR\u00c4UME"},"content":{"rendered":"<p class=\"p1\">Zement\u00e4re Ausgleichsmasse zum Ausgleichen von Unebenheiten in Schichtdicken von 1 bis 10 mm ungestreckt, gestreckt 10 bis 30 mm unter Textilbel\u00e4gen und elastischen Bel\u00e4gen im Innenbereich. Geeignet f\u00fcr Hochleistungs-SPC-B\u00f6den. H\u00e4lt starken Belastungen ab einer Mindestestrichdicke von 3 mm stand. Es kann in Kombination mit einem Weichmacherzusatz verarbeitet werden. Rakelf\u00e4hig. Pumpbar. Chromatarm gem\u00e4\u00df REACH.<\/p>\n","protected":false},"excerpt":{"rendered":"<p>Zement\u00e4re Ausgleichsmasse zum Ausgleichen von Unebenheiten in Schichtdicken von 1 bis 10 mm ungestreckt, gestreckt 10 bis 30 mm unter Textilbel\u00e4gen und elastischen Bel\u00e4gen im Innenbereich. Geeignet f\u00fcr Hochleistungs-SPC-B\u00f6den. H\u00e4lt starken Belastungen ab einer Mindestestrichdicke von 3 mm stand. Es kann in Kombination mit einem Weichmacherzusatz verarbeitet werden. Rakelf\u00e4hig. Pumpbar. Chromatarm gem\u00e4\u00df REACH.<\/p>\n","protected":false},"featured_media":4713,"template":"","meta":{"_acf_changed":false},"product_brand":[],"product_cat":[116],"product_tag":[],"class_list":{"0":"post-4712","1":"product","2":"type-product","3":"status-publish","4":"has-post-thumbnail","6":"product_cat-verlegezubehoer","8":"first","9":"instock","10":"shipping-taxable","11":"product-type-simple"},"acf":{"pacco_singolo_pezzi":1,"pacco_singolo_volume":"","pacco_singolo_unita":"pz","pallet_pezzi":"","pallet_volume":"","pallet_unita":""},"_links":{"self":[{"href":"https:\/\/www.baufloor.it\/de\/wp-json\/wp\/v2\/product\/4712","targetHints":{"allow":["GET"]}}],"collection":[{"href":"https:\/\/www.baufloor.it\/de\/wp-json\/wp\/v2\/product"}],"about":[{"href":"https:\/\/www.baufloor.it\/de\/wp-json\/wp\/v2\/types\/product"}],"wp:featuredmedia":[{"embeddable":true,"href":"https:\/\/www.baufloor.it\/de\/wp-json\/wp\/v2\/media\/4713"}],"wp:attachment":[{"href":"https:\/\/www.baufloor.it\/de\/wp-json\/wp\/v2\/media?parent=4712"}],"wp:term":[{"taxonomy":"product_brand","embeddable":true,"href":"https:\/\/www.baufloor.it\/de\/wp-json\/wp\/v2\/product_brand?post=4712"},{"taxonomy":"product_cat","embeddable":true,"href":"https:\/\/www.baufloor.it\/de\/wp-json\/wp\/v2\/product_cat?post=4712"},{"taxonomy":"product_tag","embeddable":true,"href":"https:\/\/www.baufloor.it\/de\/wp-json\/wp\/v2\/product_tag?post=4712"}],"curies":[{"name":"wp","href":"https:\/\/api.w.org\/{rel}","templated":true}]}}