{"id":4708,"date":"2026-01-29T11:19:50","date_gmt":"2026-01-29T11:19:50","guid":{"rendered":"https:\/\/www.baufloor.it\/prodotto\/colla-per-pavimenti-e-rivestimenti-in-spc\/"},"modified":"2026-03-03T10:43:39","modified_gmt":"2026-03-03T10:43:39","slug":"kleber-fuer-spc-boeden-und-belaege","status":"publish","type":"product","link":"https:\/\/www.baufloor.it\/de\/produkt\/kleber-fuer-spc-boeden-und-belaege\/","title":{"rendered":"KLEBER F\u00dcR SPC-B\u00d6DEN UND -BEL\u00c4GE"},"content":{"rendered":"<p class=\"p1\">Einkomponentenkleber mit z\u00e4hfl\u00fcssiger Struktur zum Verlegen von homogenen und heterogenen SPC-und PVC-Designbel\u00e4gen. Verklebung auch von Gummibel\u00e4gen, Teppichen, Linoleum, PVC-Kork nach DIN EN 655, Fu\u00dfmatten, Kunstrasenbel\u00e4gen. Spezifisches Produkt auch f\u00fcr an der Wand zu installierende Paneele. Wasserdicht.<\/p>\n","protected":false},"excerpt":{"rendered":"<p>Einkomponentenkleber mit z\u00e4hfl\u00fcssiger Struktur zum Verlegen von homogenen und heterogenen SPC-und PVC-Designbel\u00e4gen. Verklebung auch von Gummibel\u00e4gen, Teppichen, Linoleum, PVC-Kork nach DIN EN 655, Fu\u00dfmatten, Kunstrasenbel\u00e4gen. Spezifisches Produkt auch f\u00fcr an der Wand zu installierende Paneele. Wasserdicht.<\/p>\n","protected":false},"featured_media":4709,"template":"","meta":{"_acf_changed":false},"product_brand":[],"product_cat":[116],"product_tag":[],"class_list":{"0":"post-4708","1":"product","2":"type-product","3":"status-publish","4":"has-post-thumbnail","6":"product_cat-verlegezubehoer","8":"first","9":"instock","10":"shipping-taxable","11":"product-type-simple"},"acf":{"pacco_singolo_pezzi":1,"pacco_singolo_volume":"","pacco_singolo_unita":"pz","pallet_pezzi":"","pallet_volume":"","pallet_unita":""},"_links":{"self":[{"href":"https:\/\/www.baufloor.it\/de\/wp-json\/wp\/v2\/product\/4708","targetHints":{"allow":["GET"]}}],"collection":[{"href":"https:\/\/www.baufloor.it\/de\/wp-json\/wp\/v2\/product"}],"about":[{"href":"https:\/\/www.baufloor.it\/de\/wp-json\/wp\/v2\/types\/product"}],"wp:featuredmedia":[{"embeddable":true,"href":"https:\/\/www.baufloor.it\/de\/wp-json\/wp\/v2\/media\/4709"}],"wp:attachment":[{"href":"https:\/\/www.baufloor.it\/de\/wp-json\/wp\/v2\/media?parent=4708"}],"wp:term":[{"taxonomy":"product_brand","embeddable":true,"href":"https:\/\/www.baufloor.it\/de\/wp-json\/wp\/v2\/product_brand?post=4708"},{"taxonomy":"product_cat","embeddable":true,"href":"https:\/\/www.baufloor.it\/de\/wp-json\/wp\/v2\/product_cat?post=4708"},{"taxonomy":"product_tag","embeddable":true,"href":"https:\/\/www.baufloor.it\/de\/wp-json\/wp\/v2\/product_tag?post=4708"}],"curies":[{"name":"wp","href":"https:\/\/api.w.org\/{rel}","templated":true}]}}