{"id":4692,"date":"2026-01-29T11:35:31","date_gmt":"2026-01-29T11:35:31","guid":{"rendered":"https:\/\/www.baufloor.it\/prodotto\/barra-di-trazione-per-montaggio-perimetrale-spc\/"},"modified":"2026-02-27T09:40:47","modified_gmt":"2026-02-27T09:40:47","slug":"zugstange-fuer-perimetermontage-spc","status":"publish","type":"product","link":"https:\/\/www.baufloor.it\/de\/produkt\/zugstange-fuer-perimetermontage-spc\/","title":{"rendered":"ZUGSTANGE F\u00dcR PERIMETERMONTAGE SPC"},"content":{"rendered":"<p class=\"p1\">Die BAUFLOOR<sup>\u00ae<\/sup> Deichsel ist unentbehrlich f\u00fcr die Bodenverlegung an Raumenden und in Wandn\u00e4he. Die Klimmzugstange hat abgerundete Kanten, die in Kombination mit den 2 Filzgleitern auf der Unterseite die Oberfl\u00e4chenbeschaffenheit des Bodens w\u00e4hrend des Gebrauchs sch\u00fctzen. Es wird auch zum Verlegen von Fu\u00dfb\u00f6den unter T\u00fcrrahmen verwendet. F\u00fchren Sie einfach ein Ende der Stange zwischen Wand und Boden ein und schlagen Sie mit einem Gummihammer auf das andere Ende in der Richtung, in der Sie zwischen den beiden Dauben einklemmen m\u00f6chten.<\/p>\n<ul>\n<li class=\"p1\">Material: Stahl<\/li>\n<li class=\"p1\">F\u00fcr Laminat, SPC und Parkett<\/li>\n<li class=\"p1\">L\u00e4nge: 28 cm<\/li>\n<li class=\"p1\">Einfache Handhabung<\/li>\n<li class=\"p1\">Mit abgerundeten Kanten<\/li>\n<\/ul>\n","protected":false},"excerpt":{"rendered":"<p>Die BAUFLOOR\u00ae Deichsel ist unentbehrlich f\u00fcr die Bodenverlegung an Raumenden und in Wandn\u00e4he. Die Klimmzugstange hat abgerundete Kanten, die in Kombination mit den 2 Filzgleitern auf der Unterseite die Oberfl\u00e4chenbeschaffenheit des Bodens w\u00e4hrend des Gebrauchs sch\u00fctzen. Es wird auch zum Verlegen von Fu\u00dfb\u00f6den unter T\u00fcrrahmen verwendet. F\u00fchren Sie einfach ein Ende der Stange zwischen Wand und Boden ein und schlagen Sie mit einem Gummihammer auf das andere Ende in der Richtung, in der Sie zwischen den beiden Dauben einklemmen m\u00f6chten. Material: Stahl F\u00fcr Laminat, SPC und Parkett L\u00e4nge: 28 cm Einfache Handhabung Mit abgerundeten Kanten<\/p>\n","protected":false},"featured_media":4693,"template":"","meta":{"_acf_changed":false},"product_brand":[],"product_cat":[116],"product_tag":[],"class_list":{"0":"post-4692","1":"product","2":"type-product","3":"status-publish","4":"has-post-thumbnail","6":"product_cat-verlegezubehoer","8":"first","9":"instock","10":"shipping-taxable","11":"product-type-simple"},"acf":{"pacco_singolo_pezzi":1,"pacco_singolo_volume":"","pacco_singolo_unita":"pz","pallet_pezzi":"","pallet_volume":"","pallet_unita":""},"_links":{"self":[{"href":"https:\/\/www.baufloor.it\/de\/wp-json\/wp\/v2\/product\/4692","targetHints":{"allow":["GET"]}}],"collection":[{"href":"https:\/\/www.baufloor.it\/de\/wp-json\/wp\/v2\/product"}],"about":[{"href":"https:\/\/www.baufloor.it\/de\/wp-json\/wp\/v2\/types\/product"}],"wp:featuredmedia":[{"embeddable":true,"href":"https:\/\/www.baufloor.it\/de\/wp-json\/wp\/v2\/media\/4693"}],"wp:attachment":[{"href":"https:\/\/www.baufloor.it\/de\/wp-json\/wp\/v2\/media?parent=4692"}],"wp:term":[{"taxonomy":"product_brand","embeddable":true,"href":"https:\/\/www.baufloor.it\/de\/wp-json\/wp\/v2\/product_brand?post=4692"},{"taxonomy":"product_cat","embeddable":true,"href":"https:\/\/www.baufloor.it\/de\/wp-json\/wp\/v2\/product_cat?post=4692"},{"taxonomy":"product_tag","embeddable":true,"href":"https:\/\/www.baufloor.it\/de\/wp-json\/wp\/v2\/product_tag?post=4692"}],"curies":[{"name":"wp","href":"https:\/\/api.w.org\/{rel}","templated":true}]}}