{"id":4685,"date":"2026-01-29T11:55:37","date_gmt":"2026-01-29T11:55:37","guid":{"rendered":"https:\/\/www.baufloor.it\/prodotto\/profili-di-finitura-per-pavimenti-spessore-5-6-m-m\/"},"modified":"2026-03-04T07:50:27","modified_gmt":"2026-03-04T07:50:27","slug":"obere-dehnungsprofile-2","status":"publish","type":"product","link":"https:\/\/www.baufloor.it\/de\/produkt\/obere-dehnungsprofile-2\/","title":{"rendered":"OBERE DEHNUNGSPROFILE"},"content":{"rendered":"<p class=\"p1\">F\u00fcr die fachgerechte Verlegung in gro\u00dfen R\u00e4umen empfiehlt BAUFLOOR<sup>\u00ae<\/sup> die Verwendung von Dehnungsprofilen alle 30 Quadratmeter SPC-Bodenbelag, die l\u00e4ngs zur Diele verlegt werden. Eloxiertes Aluminiumprofil, geeignet f\u00fcr SPC-B\u00f6den mit einer St\u00e4rke von 5 und 6 mm zur Verwendung mit dem Basisprofil.<\/p>\n","protected":false},"excerpt":{"rendered":"<p>F\u00fcr die fachgerechte Verlegung in gro\u00dfen R\u00e4umen empfiehlt BAUFLOOR\u00ae die Verwendung von Dehnungsprofilen alle 30 Quadratmeter SPC-Bodenbelag, die l\u00e4ngs zur Diele verlegt werden. Eloxiertes Aluminiumprofil, geeignet f\u00fcr SPC-B\u00f6den mit einer St\u00e4rke von 5 und 6 mm zur Verwendung mit dem Basisprofil.<\/p>\n","protected":false},"featured_media":5832,"template":"","meta":{"_acf_changed":false},"product_brand":[],"product_cat":[116],"product_tag":[],"class_list":{"0":"post-4685","1":"product","2":"type-product","3":"status-publish","4":"has-post-thumbnail","6":"product_cat-verlegezubehoer","8":"first","9":"instock","10":"shipping-taxable","11":"product-type-simple"},"acf":{"pacco_singolo_pezzi":20,"pacco_singolo_volume":"","pacco_singolo_unita":"pz","pallet_pezzi":"","pallet_volume":"","pallet_unita":""},"_links":{"self":[{"href":"https:\/\/www.baufloor.it\/de\/wp-json\/wp\/v2\/product\/4685","targetHints":{"allow":["GET"]}}],"collection":[{"href":"https:\/\/www.baufloor.it\/de\/wp-json\/wp\/v2\/product"}],"about":[{"href":"https:\/\/www.baufloor.it\/de\/wp-json\/wp\/v2\/types\/product"}],"wp:featuredmedia":[{"embeddable":true,"href":"https:\/\/www.baufloor.it\/de\/wp-json\/wp\/v2\/media\/5832"}],"wp:attachment":[{"href":"https:\/\/www.baufloor.it\/de\/wp-json\/wp\/v2\/media?parent=4685"}],"wp:term":[{"taxonomy":"product_brand","embeddable":true,"href":"https:\/\/www.baufloor.it\/de\/wp-json\/wp\/v2\/product_brand?post=4685"},{"taxonomy":"product_cat","embeddable":true,"href":"https:\/\/www.baufloor.it\/de\/wp-json\/wp\/v2\/product_cat?post=4685"},{"taxonomy":"product_tag","embeddable":true,"href":"https:\/\/www.baufloor.it\/de\/wp-json\/wp\/v2\/product_tag?post=4685"}],"curies":[{"name":"wp","href":"https:\/\/api.w.org\/{rel}","templated":true}]}}