{"id":4680,"date":"2026-01-29T11:59:25","date_gmt":"2026-01-29T11:59:25","guid":{"rendered":"https:\/\/www.baufloor.it\/prodotto\/profilo-di-dilatazione-superiore\/"},"modified":"2026-03-03T10:56:06","modified_gmt":"2026-03-03T10:56:06","slug":"obere-dehnungsprofile","status":"publish","type":"product","link":"https:\/\/www.baufloor.it\/de\/produkt\/obere-dehnungsprofile\/","title":{"rendered":"OBERE DEHNUNGSPROFILE"},"content":{"rendered":"<p class=\"p1\">F\u00fcr die fachgerechte Verlegung in gro\u00dfen R\u00e4umen empfiehlt BAUFLOOR<sup>\u00ae<\/sup> die Verwendung von Dehnungsprofilen alle 30 Quadratmeter SPC-Bodenbelag, die l\u00e4ngs zur Diele verlegt werden. Eloxiertes Aluminiumprofil, geeignet f\u00fcr SPC-B\u00f6den mit einer St\u00e4rke von 7 mm, 8 mm und 10 mm zur Verwendung mit dem Basisprofil.<\/p>\n","protected":false},"excerpt":{"rendered":"<p>F\u00fcr die fachgerechte Verlegung in gro\u00dfen R\u00e4umen empfiehlt BAUFLOOR\u00ae die Verwendung von Dehnungsprofilen alle 30 Quadratmeter SPC-Bodenbelag, die l\u00e4ngs zur Diele verlegt werden. Eloxiertes Aluminiumprofil, geeignet f\u00fcr SPC-B\u00f6den mit einer St\u00e4rke von 7 mm, 8 mm und 10 mm zur Verwendung mit dem Basisprofil.<\/p>\n","protected":false},"featured_media":5832,"template":"","meta":{"_acf_changed":false},"product_brand":[],"product_cat":[116],"product_tag":[],"class_list":{"0":"post-4680","1":"product","2":"type-product","3":"status-publish","4":"has-post-thumbnail","6":"product_cat-verlegezubehoer","8":"first","9":"instock","10":"shipping-taxable","11":"product-type-simple"},"acf":{"pacco_singolo_pezzi":20,"pacco_singolo_volume":"","pacco_singolo_unita":"pz","pallet_pezzi":"","pallet_volume":"","pallet_unita":""},"_links":{"self":[{"href":"https:\/\/www.baufloor.it\/de\/wp-json\/wp\/v2\/product\/4680","targetHints":{"allow":["GET"]}}],"collection":[{"href":"https:\/\/www.baufloor.it\/de\/wp-json\/wp\/v2\/product"}],"about":[{"href":"https:\/\/www.baufloor.it\/de\/wp-json\/wp\/v2\/types\/product"}],"wp:featuredmedia":[{"embeddable":true,"href":"https:\/\/www.baufloor.it\/de\/wp-json\/wp\/v2\/media\/5832"}],"wp:attachment":[{"href":"https:\/\/www.baufloor.it\/de\/wp-json\/wp\/v2\/media?parent=4680"}],"wp:term":[{"taxonomy":"product_brand","embeddable":true,"href":"https:\/\/www.baufloor.it\/de\/wp-json\/wp\/v2\/product_brand?post=4680"},{"taxonomy":"product_cat","embeddable":true,"href":"https:\/\/www.baufloor.it\/de\/wp-json\/wp\/v2\/product_cat?post=4680"},{"taxonomy":"product_tag","embeddable":true,"href":"https:\/\/www.baufloor.it\/de\/wp-json\/wp\/v2\/product_tag?post=4680"}],"curies":[{"name":"wp","href":"https:\/\/api.w.org\/{rel}","templated":true}]}}