{"id":4675,"date":"2026-01-29T13:19:15","date_gmt":"2026-01-29T13:19:15","guid":{"rendered":"https:\/\/www.baufloor.it\/prodotto\/profilo-base\/"},"modified":"2026-02-27T09:29:34","modified_gmt":"2026-02-27T09:29:34","slug":"basisprofil","status":"publish","type":"product","link":"https:\/\/www.baufloor.it\/de\/produkt\/basisprofil\/","title":{"rendered":"BASISPROFIL"},"content":{"rendered":"<p class=\"p1\">PVCprofil, das f\u00fcr die Installation aller anderen Profile (Erweiterung, Start und Umfang) erforderlich ist. Indem die gr\u00fcnen Clips alle 25\/30 cm in das Basisprofil eingelegt werden, kann das entsprechende obere Profil durch einfaches Schlagen mit einem Gummihammer eingef\u00fcgt werden. Profil geeignet f\u00fcr SPC-B\u00f6den mit einer St\u00e4rke von 5 und 6 mm.<\/p>\n","protected":false},"excerpt":{"rendered":"<p>PVCprofil, das f\u00fcr die Installation aller anderen Profile (Erweiterung, Start und Umfang) erforderlich ist. Indem die gr\u00fcnen Clips alle 25\/30 cm in das Basisprofil eingelegt werden, kann das entsprechende obere Profil durch einfaches Schlagen mit einem Gummihammer eingef\u00fcgt werden. Profil geeignet f\u00fcr SPC-B\u00f6den mit einer St\u00e4rke von 5 und 6 mm.<\/p>\n","protected":false},"featured_media":5811,"template":"","meta":{"_acf_changed":false},"product_brand":[],"product_cat":[116],"product_tag":[],"class_list":{"0":"post-4675","1":"product","2":"type-product","3":"status-publish","4":"has-post-thumbnail","6":"product_cat-verlegezubehoer","8":"first","9":"instock","10":"shipping-taxable","11":"product-type-simple"},"acf":{"pacco_singolo_pezzi":20,"pacco_singolo_volume":"","pacco_singolo_unita":"pz","pallet_pezzi":"","pallet_volume":"","pallet_unita":""},"_links":{"self":[{"href":"https:\/\/www.baufloor.it\/de\/wp-json\/wp\/v2\/product\/4675","targetHints":{"allow":["GET"]}}],"collection":[{"href":"https:\/\/www.baufloor.it\/de\/wp-json\/wp\/v2\/product"}],"about":[{"href":"https:\/\/www.baufloor.it\/de\/wp-json\/wp\/v2\/types\/product"}],"wp:featuredmedia":[{"embeddable":true,"href":"https:\/\/www.baufloor.it\/de\/wp-json\/wp\/v2\/media\/5811"}],"wp:attachment":[{"href":"https:\/\/www.baufloor.it\/de\/wp-json\/wp\/v2\/media?parent=4675"}],"wp:term":[{"taxonomy":"product_brand","embeddable":true,"href":"https:\/\/www.baufloor.it\/de\/wp-json\/wp\/v2\/product_brand?post=4675"},{"taxonomy":"product_cat","embeddable":true,"href":"https:\/\/www.baufloor.it\/de\/wp-json\/wp\/v2\/product_cat?post=4675"},{"taxonomy":"product_tag","embeddable":true,"href":"https:\/\/www.baufloor.it\/de\/wp-json\/wp\/v2\/product_tag?post=4675"}],"curies":[{"name":"wp","href":"https:\/\/api.w.org\/{rel}","templated":true}]}}