{"id":4672,"date":"2026-01-29T13:22:05","date_gmt":"2026-01-29T13:22:05","guid":{"rendered":"https:\/\/www.baufloor.it\/prodotto\/profilo-di-partenza-superiore-2\/"},"modified":"2026-03-03T10:56:44","modified_gmt":"2026-03-03T10:56:44","slug":"oberes-startprofil","status":"publish","type":"product","link":"https:\/\/www.baufloor.it\/de\/produkt\/oberes-startprofil\/","title":{"rendered":"OBERES STARTPROFIL"},"content":{"rendered":"<p class=\"p1\">F\u00fcr die fachgerechte Verlegung in gro\u00dfen R\u00e4umen empfiehlt BAUFLOOR<sup>\u00ae<\/sup> die Verwendung von Startprofilen, wenn Sie beabsichtigen, den bestehenden Boden mit dem \u00fcberlappenden Boden koexistieren zu lassen. Eloxiertes Aluminiumprofil, geeignet f\u00fcr SPC-B\u00f6den mit einer St\u00e4rke von 7 mm, 8 mm und 10 mm zur Verwendung mit dem Basisprofil.<\/p>\n","protected":false},"excerpt":{"rendered":"<p>F\u00fcr die fachgerechte Verlegung in gro\u00dfen R\u00e4umen empfiehlt BAUFLOOR\u00ae die Verwendung von Startprofilen, wenn Sie beabsichtigen, den bestehenden Boden mit dem \u00fcberlappenden Boden koexistieren zu lassen. Eloxiertes Aluminiumprofil, geeignet f\u00fcr SPC-B\u00f6den mit einer St\u00e4rke von 7 mm, 8 mm und 10 mm zur Verwendung mit dem Basisprofil.<\/p>\n","protected":false},"featured_media":5835,"template":"","meta":{"_acf_changed":false},"product_brand":[],"product_cat":[116],"product_tag":[],"class_list":{"0":"post-4672","1":"product","2":"type-product","3":"status-publish","4":"has-post-thumbnail","6":"product_cat-verlegezubehoer","8":"first","9":"instock","10":"shipping-taxable","11":"product-type-simple"},"acf":{"pacco_singolo_pezzi":20,"pacco_singolo_volume":"","pacco_singolo_unita":"pz","pallet_pezzi":"","pallet_volume":"","pallet_unita":""},"_links":{"self":[{"href":"https:\/\/www.baufloor.it\/de\/wp-json\/wp\/v2\/product\/4672","targetHints":{"allow":["GET"]}}],"collection":[{"href":"https:\/\/www.baufloor.it\/de\/wp-json\/wp\/v2\/product"}],"about":[{"href":"https:\/\/www.baufloor.it\/de\/wp-json\/wp\/v2\/types\/product"}],"wp:featuredmedia":[{"embeddable":true,"href":"https:\/\/www.baufloor.it\/de\/wp-json\/wp\/v2\/media\/5835"}],"wp:attachment":[{"href":"https:\/\/www.baufloor.it\/de\/wp-json\/wp\/v2\/media?parent=4672"}],"wp:term":[{"taxonomy":"product_brand","embeddable":true,"href":"https:\/\/www.baufloor.it\/de\/wp-json\/wp\/v2\/product_brand?post=4672"},{"taxonomy":"product_cat","embeddable":true,"href":"https:\/\/www.baufloor.it\/de\/wp-json\/wp\/v2\/product_cat?post=4672"},{"taxonomy":"product_tag","embeddable":true,"href":"https:\/\/www.baufloor.it\/de\/wp-json\/wp\/v2\/product_tag?post=4672"}],"curies":[{"name":"wp","href":"https:\/\/api.w.org\/{rel}","templated":true}]}}