{"id":4668,"date":"2026-01-29T13:24:56","date_gmt":"2026-01-29T13:24:56","guid":{"rendered":"https:\/\/www.baufloor.it\/prodotto\/profilo-base-2\/"},"modified":"2026-03-02T09:00:10","modified_gmt":"2026-03-02T09:00:10","slug":"profilo-base-2","status":"publish","type":"product","link":"https:\/\/www.baufloor.it\/de\/produkt\/profilo-base-2\/","title":{"rendered":"BASISPROFIL"},"content":{"rendered":"<p class=\"p1\">Aluminiumprofil, das f\u00fcr die Installation aller anderen Profile (Erweiterung, Start und Umfang) erforderlich ist. Indem die gr\u00fcnen Clips alle 25\/30 cm in das Basisprofil eingelegt werden, kann das entsprechende obere Profil durch einfaches Schlagen mit einem Gummihammer eingef\u00fcgt werden. Profil geeignet f\u00fcr SPC-B\u00f6den mit einer St\u00e4rke von 7 mm, 8 mm und 10 mm.<\/p>\n","protected":false},"excerpt":{"rendered":"<p>Aluminiumprofil, das f\u00fcr die Installation aller anderen Profile (Erweiterung, Start und Umfang) erforderlich ist. Indem die gr\u00fcnen Clips alle 25\/30 cm in das Basisprofil eingelegt werden, kann das entsprechende obere Profil durch einfaches Schlagen mit einem Gummihammer eingef\u00fcgt werden. Profil geeignet f\u00fcr SPC-B\u00f6den mit einer St\u00e4rke von 7 mm, 8 mm und 10 mm.<\/p>\n","protected":false},"featured_media":5840,"template":"","meta":{"_acf_changed":false},"product_brand":[],"product_cat":[116],"product_tag":[],"class_list":{"0":"post-4668","1":"product","2":"type-product","3":"status-publish","4":"has-post-thumbnail","6":"product_cat-verlegezubehoer","8":"first","9":"instock","10":"shipping-taxable","11":"product-type-simple"},"acf":{"pacco_singolo_pezzi":20,"pacco_singolo_volume":"","pacco_singolo_unita":"pz","pallet_pezzi":"","pallet_volume":"","pallet_unita":""},"_links":{"self":[{"href":"https:\/\/www.baufloor.it\/de\/wp-json\/wp\/v2\/product\/4668","targetHints":{"allow":["GET"]}}],"collection":[{"href":"https:\/\/www.baufloor.it\/de\/wp-json\/wp\/v2\/product"}],"about":[{"href":"https:\/\/www.baufloor.it\/de\/wp-json\/wp\/v2\/types\/product"}],"wp:featuredmedia":[{"embeddable":true,"href":"https:\/\/www.baufloor.it\/de\/wp-json\/wp\/v2\/media\/5840"}],"wp:attachment":[{"href":"https:\/\/www.baufloor.it\/de\/wp-json\/wp\/v2\/media?parent=4668"}],"wp:term":[{"taxonomy":"product_brand","embeddable":true,"href":"https:\/\/www.baufloor.it\/de\/wp-json\/wp\/v2\/product_brand?post=4668"},{"taxonomy":"product_cat","embeddable":true,"href":"https:\/\/www.baufloor.it\/de\/wp-json\/wp\/v2\/product_cat?post=4668"},{"taxonomy":"product_tag","embeddable":true,"href":"https:\/\/www.baufloor.it\/de\/wp-json\/wp\/v2\/product_tag?post=4668"}],"curies":[{"name":"wp","href":"https:\/\/api.w.org\/{rel}","templated":true}]}}