{"id":4638,"date":"2026-01-29T15:13:13","date_gmt":"2026-01-29T15:13:13","guid":{"rendered":"https:\/\/www.baufloor.it\/prodotto\/profilo-terminale\/"},"modified":"2026-03-04T10:29:52","modified_gmt":"2026-03-04T10:29:52","slug":"abschlussprofil","status":"publish","type":"product","link":"https:\/\/www.baufloor.it\/de\/produkt\/abschlussprofil\/","title":{"rendered":"ABSCHLUSSPROFIL"},"content":{"rendered":"<p class=\"p1\">Auch bei Fehlern beim Plattenzuschnitt bietet BAUFLOOR<sup>\u00ae<\/sup> die richtige L\u00f6sung. Klemmprofile l\u00f6sen dieses Problem schnell und einfach. L\u00f6sung auch g\u00fcltig f\u00fcr Liebhaber von Hi-Tech-Oberfl\u00e4chen in jeder Umgebung.<\/p>\n","protected":false},"excerpt":{"rendered":"<p>Auch bei Fehlern beim Plattenzuschnitt bietet BAUFLOOR\u00ae die richtige L\u00f6sung. Klemmprofile l\u00f6sen dieses Problem schnell und einfach. L\u00f6sung auch g\u00fcltig f\u00fcr Liebhaber von Hi-Tech-Oberfl\u00e4chen in jeder Umgebung.<\/p>\n","protected":false},"featured_media":4639,"template":"","meta":{"_acf_changed":false},"product_brand":[],"product_cat":[116],"product_tag":[],"class_list":{"0":"post-4638","1":"product","2":"type-product","3":"status-publish","4":"has-post-thumbnail","6":"product_cat-verlegezubehoer","8":"first","9":"instock","10":"shipping-taxable","11":"product-type-simple"},"acf":{"pacco_singolo_pezzi":10,"pacco_singolo_volume":"","pacco_singolo_unita":"pz","pallet_pezzi":"","pallet_volume":"","pallet_unita":""},"_links":{"self":[{"href":"https:\/\/www.baufloor.it\/de\/wp-json\/wp\/v2\/product\/4638","targetHints":{"allow":["GET"]}}],"collection":[{"href":"https:\/\/www.baufloor.it\/de\/wp-json\/wp\/v2\/product"}],"about":[{"href":"https:\/\/www.baufloor.it\/de\/wp-json\/wp\/v2\/types\/product"}],"wp:featuredmedia":[{"embeddable":true,"href":"https:\/\/www.baufloor.it\/de\/wp-json\/wp\/v2\/media\/4639"}],"wp:attachment":[{"href":"https:\/\/www.baufloor.it\/de\/wp-json\/wp\/v2\/media?parent=4638"}],"wp:term":[{"taxonomy":"product_brand","embeddable":true,"href":"https:\/\/www.baufloor.it\/de\/wp-json\/wp\/v2\/product_brand?post=4638"},{"taxonomy":"product_cat","embeddable":true,"href":"https:\/\/www.baufloor.it\/de\/wp-json\/wp\/v2\/product_cat?post=4638"},{"taxonomy":"product_tag","embeddable":true,"href":"https:\/\/www.baufloor.it\/de\/wp-json\/wp\/v2\/product_tag?post=4638"}],"curies":[{"name":"wp","href":"https:\/\/api.w.org\/{rel}","templated":true}]}}