{"id":4629,"date":"2026-01-29T15:42:38","date_gmt":"2026-01-29T15:42:38","guid":{"rendered":"https:\/\/www.baufloor.it\/prodotto\/profilo-angolo-esterno\/"},"modified":"2026-03-02T09:14:09","modified_gmt":"2026-03-02T09:14:09","slug":"ausseneckprofil","status":"publish","type":"product","link":"https:\/\/www.baufloor.it\/de\/produkt\/ausseneckprofil\/","title":{"rendered":"AUSSENECKPROFIL"},"content":{"rendered":"<p class=\"p1\">F\u00fcr eine perfekte Verlegung der SPC-Wandpaneele empfiehlt BAUFLOOR<sup>\u00ae<\/sup> die Verwendung eines Au\u00dfeneckprofils, wenn Sie Ihre W\u00e4nde entsprechend der Geometrie Ihrer Umgebung verkleiden m\u00f6chten.<\/p>\n","protected":false},"excerpt":{"rendered":"<p>F\u00fcr eine perfekte Verlegung der SPC-Wandpaneele empfiehlt BAUFLOOR\u00ae die Verwendung eines Au\u00dfeneckprofils, wenn Sie Ihre W\u00e4nde entsprechend der Geometrie Ihrer Umgebung verkleiden m\u00f6chten.<\/p>\n","protected":false},"featured_media":4631,"template":"","meta":{"_acf_changed":false},"product_brand":[],"product_cat":[116],"product_tag":[],"class_list":{"0":"post-4629","1":"product","2":"type-product","3":"status-publish","4":"has-post-thumbnail","6":"product_cat-verlegezubehoer","8":"first","9":"instock","10":"shipping-taxable","11":"product-type-simple"},"acf":{"pacco_singolo_pezzi":10,"pacco_singolo_volume":"","pacco_singolo_unita":"pz","pallet_pezzi":"","pallet_volume":"","pallet_unita":""},"_links":{"self":[{"href":"https:\/\/www.baufloor.it\/de\/wp-json\/wp\/v2\/product\/4629","targetHints":{"allow":["GET"]}}],"collection":[{"href":"https:\/\/www.baufloor.it\/de\/wp-json\/wp\/v2\/product"}],"about":[{"href":"https:\/\/www.baufloor.it\/de\/wp-json\/wp\/v2\/types\/product"}],"wp:featuredmedia":[{"embeddable":true,"href":"https:\/\/www.baufloor.it\/de\/wp-json\/wp\/v2\/media\/4631"}],"wp:attachment":[{"href":"https:\/\/www.baufloor.it\/de\/wp-json\/wp\/v2\/media?parent=4629"}],"wp:term":[{"taxonomy":"product_brand","embeddable":true,"href":"https:\/\/www.baufloor.it\/de\/wp-json\/wp\/v2\/product_brand?post=4629"},{"taxonomy":"product_cat","embeddable":true,"href":"https:\/\/www.baufloor.it\/de\/wp-json\/wp\/v2\/product_cat?post=4629"},{"taxonomy":"product_tag","embeddable":true,"href":"https:\/\/www.baufloor.it\/de\/wp-json\/wp\/v2\/product_tag?post=4629"}],"curies":[{"name":"wp","href":"https:\/\/api.w.org\/{rel}","templated":true}]}}