{"id":4621,"date":"2026-01-30T09:13:35","date_gmt":"2026-01-30T09:13:35","guid":{"rendered":"https:\/\/www.baufloor.it\/prodotto\/battiscopa-in-pvc-espanso-per-pavimenti-universali\/"},"modified":"2026-03-02T09:17:37","modified_gmt":"2026-03-02T09:17:37","slug":"pvc-schaum-sockelleiste-fuer-fussboeden-universell","status":"publish","type":"product","link":"https:\/\/www.baufloor.it\/de\/produkt\/pvc-schaum-sockelleiste-fuer-fussboeden-universell\/","title":{"rendered":"PVC-SCHAUM-SOCKELLEISTE F\u00dcR FUSSB\u00d6DEN &#8211; UNIVERSELL"},"content":{"rendered":"<p class=\"p1\">BAUFLOOR<sup>\u00ae<\/sup> bietet die M\u00f6glichkeit, das gesamte Bodensortiment mit neuen Sockelleisten mit 2 universellen Dekoren zu kompatibel, die sich perfekt auf jeden Bodentyp abstimmen lassen. Die Struktur der Sockelleiste besteht aus vollst\u00e4ndig expandiertem PVC, das der Sockelleiste Wasserdichtigkeit und Stabilit\u00e4t garantiert und ihre Verwendung in jeder Umgebung erm\u00f6glicht. Wandmontage mit Klebesilikonen, Klebern oder N\u00e4geln zur Befestigung geeignet. F\u00fcr alle BAUFLOOR<sup>\u00ae<\/sup> SPC-B\u00f6den geeignet.<\/p>\n<ul>\n<li class=\"p1\">NAMCP03350 quadratische Form<\/li>\n<li class=\"p1\">NAMCP03351 Eulenschnabelform<\/li>\n<\/ul>\n","protected":false},"excerpt":{"rendered":"<p>BAUFLOOR\u00ae bietet die M\u00f6glichkeit, das gesamte Bodensortiment mit neuen Sockelleisten mit 2 universellen Dekoren zu kompatibel, die sich perfekt auf jeden Bodentyp abstimmen lassen. Die Struktur der Sockelleiste besteht aus vollst\u00e4ndig expandiertem PVC, das der Sockelleiste Wasserdichtigkeit und Stabilit\u00e4t garantiert und ihre Verwendung in jeder Umgebung erm\u00f6glicht. Wandmontage mit Klebesilikonen, Klebern oder N\u00e4geln zur Befestigung geeignet. F\u00fcr alle BAUFLOOR\u00ae SPC-B\u00f6den geeignet. NAMCP03350 quadratische Form NAMCP03351 Eulenschnabelform<\/p>\n","protected":false},"featured_media":4623,"template":"","meta":{"_acf_changed":false},"product_brand":[],"product_cat":[116],"product_tag":[],"class_list":{"0":"post-4621","1":"product","2":"type-product","3":"status-publish","4":"has-post-thumbnail","6":"product_cat-verlegezubehoer","8":"first","9":"instock","10":"shipping-taxable","11":"product-type-variable"},"acf":{"pacco_singolo_pezzi":"","pacco_singolo_volume":"","pacco_singolo_unita":"","pallet_pezzi":"","pallet_volume":"","pallet_unita":""},"_links":{"self":[{"href":"https:\/\/www.baufloor.it\/de\/wp-json\/wp\/v2\/product\/4621","targetHints":{"allow":["GET"]}}],"collection":[{"href":"https:\/\/www.baufloor.it\/de\/wp-json\/wp\/v2\/product"}],"about":[{"href":"https:\/\/www.baufloor.it\/de\/wp-json\/wp\/v2\/types\/product"}],"wp:featuredmedia":[{"embeddable":true,"href":"https:\/\/www.baufloor.it\/de\/wp-json\/wp\/v2\/media\/4623"}],"wp:attachment":[{"href":"https:\/\/www.baufloor.it\/de\/wp-json\/wp\/v2\/media?parent=4621"}],"wp:term":[{"taxonomy":"product_brand","embeddable":true,"href":"https:\/\/www.baufloor.it\/de\/wp-json\/wp\/v2\/product_brand?post=4621"},{"taxonomy":"product_cat","embeddable":true,"href":"https:\/\/www.baufloor.it\/de\/wp-json\/wp\/v2\/product_cat?post=4621"},{"taxonomy":"product_tag","embeddable":true,"href":"https:\/\/www.baufloor.it\/de\/wp-json\/wp\/v2\/product_tag?post=4621"}],"curies":[{"name":"wp","href":"https:\/\/api.w.org\/{rel}","templated":true}]}}