{"id":4592,"date":"2026-01-30T09:43:46","date_gmt":"2026-01-30T09:43:46","guid":{"rendered":"https:\/\/www.baufloor.it\/prodotto\/profilo-da-contenimento-battiscopa-per-effetto-estetico-filo-muro-per-cartongesso\/"},"modified":"2026-03-02T09:05:17","modified_gmt":"2026-03-02T09:05:17","slug":"profil-fuer-sockelleiste-fuer-aesthetischen-effekt-wandbuendig-fuer-gipskarton","status":"publish","type":"product","link":"https:\/\/www.baufloor.it\/de\/produkt\/profil-fuer-sockelleiste-fuer-aesthetischen-effekt-wandbuendig-fuer-gipskarton\/","title":{"rendered":"PROFIL F\u00dcR SOCKELLEISTE F\u00dcR \u00c4STHETISCHEN EFFEKT WANDB\u00dcNDIG F\u00dcR GIPSKARTON"},"content":{"rendered":"<p>BAUFLOOR<sup>\u00ae<\/sup> integriert sein Sortiment mit einer Reihe von Einbaustrukturen, um wandb\u00fcndige W\u00e4nde mit \u00e4sthetischer Wirkung zu schaffen. Sie erm\u00f6glichen das Einsetzen von Sockelleisten in verschiedenen Ausf\u00fchrungen und Gr\u00f6\u00dfen. Die Verwendung von Aluminium vermeidet Korrosions- oder Rostprobleme und erm\u00f6glicht den Einsatz in jeder Umgebung. Vertiefte Struktur anwendbar auf Gipskartonw\u00e4nde. Aus vorgebohrtem extrudiertem Aluminium. Es kann mit Gipskartonplatten unterschiedlicher Dicke verwendet werden.<\/p>\n","protected":false},"excerpt":{"rendered":"<p>BAUFLOOR\u00ae integriert sein Sortiment mit einer Reihe von Einbaustrukturen, um wandb\u00fcndige W\u00e4nde mit \u00e4sthetischer Wirkung zu schaffen. Sie erm\u00f6glichen das Einsetzen von Sockelleisten in verschiedenen Ausf\u00fchrungen und Gr\u00f6\u00dfen. Die Verwendung von Aluminium vermeidet Korrosions- oder Rostprobleme und erm\u00f6glicht den Einsatz in jeder Umgebung. Vertiefte Struktur anwendbar auf Gipskartonw\u00e4nde. Aus vorgebohrtem extrudiertem Aluminium. Es kann mit Gipskartonplatten unterschiedlicher Dicke verwendet werden.<\/p>\n","protected":false},"featured_media":4593,"template":"","meta":{"_acf_changed":false},"product_brand":[],"product_cat":[116],"product_tag":[],"class_list":{"0":"post-4592","1":"product","2":"type-product","3":"status-publish","4":"has-post-thumbnail","6":"product_cat-verlegezubehoer","8":"first","9":"instock","10":"shipping-taxable","11":"product-type-variable"},"acf":{"pacco_singolo_pezzi":"","pacco_singolo_volume":"","pacco_singolo_unita":"","pallet_pezzi":"","pallet_volume":"","pallet_unita":""},"_links":{"self":[{"href":"https:\/\/www.baufloor.it\/de\/wp-json\/wp\/v2\/product\/4592","targetHints":{"allow":["GET"]}}],"collection":[{"href":"https:\/\/www.baufloor.it\/de\/wp-json\/wp\/v2\/product"}],"about":[{"href":"https:\/\/www.baufloor.it\/de\/wp-json\/wp\/v2\/types\/product"}],"wp:featuredmedia":[{"embeddable":true,"href":"https:\/\/www.baufloor.it\/de\/wp-json\/wp\/v2\/media\/4593"}],"wp:attachment":[{"href":"https:\/\/www.baufloor.it\/de\/wp-json\/wp\/v2\/media?parent=4592"}],"wp:term":[{"taxonomy":"product_brand","embeddable":true,"href":"https:\/\/www.baufloor.it\/de\/wp-json\/wp\/v2\/product_brand?post=4592"},{"taxonomy":"product_cat","embeddable":true,"href":"https:\/\/www.baufloor.it\/de\/wp-json\/wp\/v2\/product_cat?post=4592"},{"taxonomy":"product_tag","embeddable":true,"href":"https:\/\/www.baufloor.it\/de\/wp-json\/wp\/v2\/product_tag?post=4592"}],"curies":[{"name":"wp","href":"https:\/\/api.w.org\/{rel}","templated":true}]}}