{"id":4570,"date":"2026-01-30T11:05:42","date_gmt":"2026-01-30T11:05:42","guid":{"rendered":"https:\/\/www.baufloor.it\/prodotto\/espositori-da-terra\/"},"modified":"2026-02-27T10:57:32","modified_gmt":"2026-02-27T10:57:32","slug":"bodendisplays","status":"publish","type":"product","link":"https:\/\/www.baufloor.it\/de\/produkt\/bodendisplays\/","title":{"rendered":"BODENDISPLAYS"},"content":{"rendered":"<p>Leerer Verkaufsst\u00e4nder f\u00fcr 12 D\u00fcfte<br data-start=\"153\" data-end=\"156\" \/>90 x 60 x H 206 cm<\/p>\n","protected":false},"excerpt":{"rendered":"<p>Leerer Verkaufsst\u00e4nder f\u00fcr 12 D\u00fcfte90 x 60 x H 206 cm<\/p>\n","protected":false},"featured_media":4571,"template":"","meta":{"_acf_changed":false},"product_brand":[],"product_cat":[112],"product_tag":[],"class_list":{"0":"post-4570","1":"product","2":"type-product","3":"status-publish","4":"has-post-thumbnail","6":"product_cat-marketing-tools","8":"first","9":"instock","10":"shipping-taxable","11":"product-type-simple"},"acf":{"pacco_singolo_pezzi":"","pacco_singolo_volume":"","pacco_singolo_unita":"","pallet_pezzi":"","pallet_volume":"","pallet_unita":""},"_links":{"self":[{"href":"https:\/\/www.baufloor.it\/de\/wp-json\/wp\/v2\/product\/4570","targetHints":{"allow":["GET"]}}],"collection":[{"href":"https:\/\/www.baufloor.it\/de\/wp-json\/wp\/v2\/product"}],"about":[{"href":"https:\/\/www.baufloor.it\/de\/wp-json\/wp\/v2\/types\/product"}],"wp:featuredmedia":[{"embeddable":true,"href":"https:\/\/www.baufloor.it\/de\/wp-json\/wp\/v2\/media\/4571"}],"wp:attachment":[{"href":"https:\/\/www.baufloor.it\/de\/wp-json\/wp\/v2\/media?parent=4570"}],"wp:term":[{"taxonomy":"product_brand","embeddable":true,"href":"https:\/\/www.baufloor.it\/de\/wp-json\/wp\/v2\/product_brand?post=4570"},{"taxonomy":"product_cat","embeddable":true,"href":"https:\/\/www.baufloor.it\/de\/wp-json\/wp\/v2\/product_cat?post=4570"},{"taxonomy":"product_tag","embeddable":true,"href":"https:\/\/www.baufloor.it\/de\/wp-json\/wp\/v2\/product_tag?post=4570"}],"curies":[{"name":"wp","href":"https:\/\/api.w.org\/{rel}","templated":true}]}}