{"id":4485,"date":"2026-01-15T11:20:34","date_gmt":"2026-01-15T11:20:34","guid":{"rendered":"https:\/\/www.baufloor.it\/login-registrati\/"},"modified":"2026-03-31T12:32:13","modified_gmt":"2026-03-31T12:32:13","slug":"login-register","status":"publish","type":"page","link":"https:\/\/www.baufloor.it\/de\/login-register\/","title":{"rendered":"Login\/Register"},"content":{"rendered":"<h2 class=\"wp-block-heading\">Login \/ Registrieren<\/h2>\n\n<p>Die Registrierung auf der Website<br data-start=\"76\" data-end=\"79\" \/>ist unseren Kunden vorbehalten.<\/p>\n\n<!-- wp:Array \/-->\n\n<!-- wp:Array \/-->\n\n<p>Wenn Sie noch nicht registriert sind, f\u00fchren Sie bitte die Registrierung durch, indem Sie das Formular ausf\u00fcllen.<\/p>\n\n<p>REGISTRIEREN<\/p>\n\n<div class=\"pc_aligned_form pc_falign_center\"><form id=\"pc_rf_6a07232927bc9\" class=\"pvtcont_form pc_registration_form pc_one_col_form pc_onlymail_reg\"   data-form-pag=\"1\" data-form-id=\"wkzMzQzM5kjN\" novalidate><fieldset class=\"pc_form_flist pc_f_pag_1  \"><section class=\"pc_form_txt_block pc_fullw_field pc_ftb_0\" data-fname=\"custom|||text|||1693925703207\">INFORMAZIONI PERSONALI<\/section>                    <section class=\"pc_form_field pc_text_ftype pc_f_name\" data-fname=\"name\">                        <label for=\"6a07232927d0e_name\">Name <sup class=\"pc_req_field\">&#10033;<\/sup><\/label>                        <div class=\"pc_field_container\">                                                        <input type=\"text\" name=\"name\" value=\"\" maxlength=\"150\" required=\"required\"  id=\"6a07232927d0e_name\" autocomplete=\"off\"  \/>                                                    <\/div>                    <\/section>                    <section class=\"pc_form_field pc_text_ftype pc_f_surname\" data-fname=\"surname\">                        <label for=\"6a07232927d0e_surname\">Nachname <sup class=\"pc_req_field\">&#10033;<\/sup><\/label>                        <div class=\"pc_field_container\">                                                        <input type=\"text\" name=\"surname\" value=\"\" maxlength=\"150\" required=\"required\"  id=\"6a07232927d0e_surname\" autocomplete=\"off\"  \/>                                                    <\/div>                    <\/section>                    <section class=\"pc_form_field pc_text_ftype pc_f_partita-iva_1\" data-fname=\"partita-iva_1\">                        <label for=\"6a07232927d0e_partita-iva_1\">USt-IdNr. <sup class=\"pc_req_field\">&#10033;<\/sup><\/label>                        <div class=\"pc_field_container\">                                                        <input type=\"text\" name=\"partita-iva_1\" value=\"\" maxlength=\"20\" required=\"required\" placeholder=\"USt-IdNr.\" id=\"6a07232927d0e_partita-iva_1\" autocomplete=\"off\"  \/>                                                    <\/div>                    <\/section><section class=\"pc_form_txt_block pc_fullw_field pc_ftb_1\" data-fname=\"custom|||text|||1693926846217\">INFORMAZIONI INDIRIZZO<\/section>                    <section class=\"pc_form_field pc_text_ftype pc_f_azienda\" data-fname=\"azienda\">                        <label for=\"6a07232927d0e_azienda\">Firma <sup class=\"pc_req_field\">&#10033;<\/sup><\/label>                        <div class=\"pc_field_container\">                                                        <input type=\"text\" name=\"azienda\" value=\"\" maxlength=\"255\" required=\"required\"  id=\"6a07232927d0e_azienda\" autocomplete=\"off\"  \/>                                                    <\/div>                    <\/section>                    <section class=\"pc_form_field pc_text_ftype pc_f_cap\" data-fname=\"cap\">                        <label for=\"6a07232927d0e_cap\">PLZ <sup class=\"pc_req_field\">&#10033;<\/sup><\/label>                        <div class=\"pc_field_container\">                                                        <input type=\"text\" name=\"cap\" value=\"\" maxlength=\"255\" required=\"required\"  id=\"6a07232927d0e_cap\" autocomplete=\"off\"  \/>                                                    <\/div>                    <\/section>                    <section class=\"pc_form_field pc_text_ftype pc_f_citta\" data-fname=\"citta\">                        <label for=\"6a07232927d0e_citta\">Stadt \/ Ort <sup class=\"pc_req_field\">&#10033;<\/sup><\/label>                        <div class=\"pc_field_container\">                                                        <input type=\"text\" name=\"citta\" value=\"\" maxlength=\"255\" required=\"required\"  id=\"6a07232927d0e_citta\" autocomplete=\"off\"  \/>                                                    <\/div>                    <\/section>                    <section class=\"pc_form_field pc_text_ftype pc_f_indirizzo\" data-fname=\"indirizzo\">                        <label for=\"6a07232927d0e_indirizzo\">Adresse <sup class=\"pc_req_field\">&#10033;<\/sup><\/label>                        <div class=\"pc_field_container\">                                                        <input type=\"text\" name=\"indirizzo\" value=\"\" maxlength=\"255\" required=\"required\"  id=\"6a07232927d0e_indirizzo\" autocomplete=\"off\"  \/>                                                    <\/div>                    <\/section>                    <section class=\"pc_form_field pc_text_ftype pc_f_nazione\" data-fname=\"nazione\">                        <label for=\"6a07232927d0e_nazione\">Land <sup class=\"pc_req_field\">&#10033;<\/sup><\/label>                        <div class=\"pc_field_container\">                                                        <input type=\"text\" name=\"nazione\" value=\"\" maxlength=\"255\" required=\"required\"  id=\"6a07232927d0e_nazione\" autocomplete=\"off\"  \/>                                                    <\/div>                    <\/section>                    <section class=\"pc_form_field pc_text_ftype pc_f_numero-di-telefono\" data-fname=\"numero-di-telefono\">                        <label for=\"6a07232927d0e_numero-di-telefono\">Telefonnummer <sup class=\"pc_req_field\">&#10033;<\/sup><\/label>                        <div class=\"pc_field_container\">                                                        <input type=\"text\" name=\"numero-di-telefono\" value=\"\" maxlength=\"255\" required=\"required\"  id=\"6a07232927d0e_numero-di-telefono\" autocomplete=\"off\"  \/>                                                    <\/div>                    <\/section>                    <section class=\"pc_form_field pc_text_ftype pc_f_provincia-regione\" data-fname=\"provincia-regione\">                        <label for=\"6a07232927d0e_provincia-regione\">Firma <sup class=\"pc_req_field\">&#10033;<\/sup><\/label>                        <div class=\"pc_field_container\">                                                        <input type=\"text\" name=\"provincia-regione\" value=\"\" maxlength=\"255\" required=\"required\"  id=\"6a07232927d0e_provincia-regione\" autocomplete=\"off\"  \/>                                                    <\/div>                    <\/section><section class=\"pc_form_txt_block pc_fullw_field pc_ftb_2\" data-fname=\"custom|||text|||1693925755325\">INFORMAZIONI DI ACCESSO<\/section>                    <section class=\"pc_form_field pc_text_ftype pc_f_username\" data-fname=\"username\">                        <label for=\"6a07232927d0e_username\">Benutzername <sup class=\"pc_req_field\">&#10033;<\/sup><\/label>                        <div class=\"pc_field_container\">                                                        <input type=\"text\" name=\"username\" value=\"\" maxlength=\"150\" required=\"required\"  id=\"6a07232927d0e_username\" autocomplete=\"off\"  \/>                                                    <\/div>                    <\/section>                    <section class=\"pc_form_field pc_text_ftype pc_f_email pc_email_subtype\" data-fname=\"email\">                        <label for=\"6a07232927d0e_email\">E-Mail <sup class=\"pc_req_field\">&#10033;<\/sup><\/label>                        <div class=\"pc_field_container\">                                                        <input type=\"email\" name=\"email\" value=\"\" maxlength=\"255\" required=\"required\"  id=\"6a07232927d0e_email\" autocomplete=\"off\"  \/>                                                    <\/div>                    <\/section>                    <section class=\"pc_form_field pc_password_ftype pc_f_psw\" data-fname=\"psw\">                        <label for=\"6a07232927d0e_psw\">                            Passwort <sup class=\"pc_req_field\">&#10033;<\/sup><small class=\"pc_f_helper\">Min. 4 chars long. Muss mindestens enthalten: Zeichen und Ziffern, ein Gro\u00dfbuchstabe, ein Symbol<\/small>                        <\/label>                        <div class=\"pc_field_container\">                                                        <input type=\"password\" name=\"psw\"  value=\"\" minlength=\"4\" maxlength=\"50\" autocapitalize=\"off\" autocomplete=\"new-password\" autocorrect=\"off\" required=\"required\" id=\"6a07232927d0e_psw\" \/>                            <small class=\"pc_f_helper\">Min. 4 chars long. Muss mindestens enthalten: Zeichen und Ziffern, ein Gro\u00dfbuchstabe, ein Symbol<\/small>                        <\/div>                    <\/section>                        <section class=\"pc_form_field pc_password_ftype pc_f_psw pc_psw_confirm \" data-fname=\"psw\">                            <label for=\"6a07232927d0e_psw_repeat\">Passwort wiederholen  <sup class=\"pc_req_field\">&#10033;<\/sup><\/label>                            <div class=\"pc_field_container\">                                                                <input type=\"password\" name=\"check_psw\" value=\"\" minlength=\"4\" maxlength=\"50\" autocapitalize=\"off\" autocomplete=\"new-password\" autocorrect=\"off\" required=\"required\" id=\"6a07232927d0e_psw_repeat\" placeholder=\"Repeat password\" \/>                            <\/div>                        <\/section><section class=\"pc_form_txt_block pc_fullw_field pc_ftb_3\" data-fname=\"custom|||text|||1693926858390\">INFORMAZIONI AGGIUNTIVE<\/section>                    <section class=\"pc_form_field pc_select_ftype pc_f_sei-gia-cliente-baufloor pc_singleselect\" data-fname=\"sei-gia-cliente-baufloor\">                        <label for=\"6a07232927d0e_sei-gia-cliente-baufloor\">Sind Sie bereits Baufloor-Kunde? <sup class=\"pc_req_field\">&#10033;<\/sup><\/label>                        <div class=\"pc_field_container\">                                                        <select name=\"sei-gia-cliente-baufloor\"  required=\"required\" data-placeholder=\"\" id=\"6a07232927d0e_sei-gia-cliente-baufloor\" autocomplete=\"off\"><option value=\"S\u00ec\" selected=\"selected\">S\u00ec<\/option><option value=\"No\" >No<\/option>                            <\/select>                                                    <\/div>                    <\/section><div class=\"pc_hnpt_code\" aria-hidden=\"true\">            <label for=\"683032_pc_hnpt_1\">hpt 683032 1<\/label><input type=\"text\" name=\"pc_hnpt_1\" value=\"\" id=\"683032_pc_hnpt_1\" autocomplete=\"off\" \/>                        <label for=\"683032_pc_hnpt_2\">hpt 683032 2<\/label><input type=\"text\" name=\"pc_hnpt_2\" value=\"683032\" id=\"683032_pc_hnpt_2\" autocomplete=\"off\" required \/>                        <label for=\"683032_pc_hnpt_3\">hpt 683032 3<\/label><input type=\"text\" name=\"pc_hnpt_3\" value=\"820720486\" id=\"683032_pc_hnpt_3\" autocomplete=\"off\" required \/><\/div><\/fieldset>        <script type='text\/javascript'>        (function() {            'use strict';              const intval = setInterval(() => {                if(typeof(pcud_vars) == 'undefined' || typeof(window.pcud_live_combo_opts) == 'undefined') {                    return true;                }                else {                    clearTimeout(intval);                        pcud_vars.form_cond['wkzMzQzM5kjN'] = JSON.parse(`{\"custom|||text|||1693925703207\":0,\"name\":0,\"surname\":0,\"partita-iva_1\":0,\"custom|||text|||1693926846217\":0,\"azienda\":0,\"cap\":0,\"citta\":0,\"indirizzo\":0,\"nazione\":0,\"numero-di-telefono\":0,\"provincia-regione\":0,\"custom|||text|||1693925755325\":0,\"username\":0,\"email\":0,\"psw\":0,\"custom|||text|||1693926858390\":0,\"sei-gia-cliente-baufloor\":0}`);                }            }, 50);        })();            <\/script><div class=\"pc_form_response pc_reg_message\"><\/div><button class=\"pc_reg_btn  \" type=\"submit\">                <span class=\"pc_inner_btn\">Senden<\/span>            <\/button><\/form><\/div>\n\n<p>Der Download-Bereich ist ausschlie\u00dflich registrierten und von unserem Team best\u00e4tigten Benutzern vorbehalten.<br data-start=\"563\" data-end=\"566\" \/>Bitte melden Sie sich an oder registrieren Sie sich, um die reservierten Inhalte einzusehen.<\/p>\n\n<p>ANMELDEN<\/p>\n\n<!-- wp:Array \/-->\n\n<div class=\"pc_aligned_form pc_falign_center\"><form class=\"pc_login_form pc_rm_login  pc_lf_long_labels pc_forced_lf_long_labels  has_pcma_psw_recovery\" ><div class=\"pc_login_row pc_lf_username \"><label for=\"6a0723292856f_username\">Benutzername oder E-Mail-Adresse<\/label><div class=\"pc_field_container\"><input type=\"text\" name=\"pc_auth_username\" value=\"\"  autocapitalize=\"off\" autocomplete=\"off\" autocorrect=\"off\" aria-label=\"Benutzername oder E-Mail-Adresse\" maxlength=\"150\" id=\"6a0723292856f_username\" tabindex=\"1\" \/><\/div><\/div><div class=\"pc_login_row pc_lf_psw \"><label for=\"6a0723292856f_psw\">Passwort<\/label><div class=\"pc_field_container\"><input type=\"password\" name=\"pc_auth_psw\" value=\"\"  autocapitalize=\"off\" autocomplete=\"off\" autocorrect=\"off\" aria-label=\"Passwort\" id=\"6a0723292856f_psw\" tabindex=\"2\" \/><\/div><\/div><div class=\"pc_hnpt_code\" aria-hidden=\"true\">            <label for=\"553820_pc_hnpt_1\">hpt 553820 1<\/label><input type=\"text\" name=\"pc_hnpt_1\" value=\"\" id=\"553820_pc_hnpt_1\" autocomplete=\"off\" \/>                        <label for=\"553820_pc_hnpt_2\">hpt 553820 2<\/label><input type=\"text\" name=\"pc_hnpt_2\" value=\"553820\" id=\"553820_pc_hnpt_2\" autocomplete=\"off\" required \/>                        <label for=\"553820_pc_hnpt_3\">hpt 553820 3<\/label><input type=\"text\" name=\"pc_hnpt_3\" value=\"618798386\" id=\"553820_pc_hnpt_3\" autocomplete=\"off\" required \/><\/div>        <div class=\"pc_lf_subfields\">            <div class=\"pc_login_smalls\">                <div class=\"pc_login_remember_me\">                    <input type=\"checkbox\" name=\"pc_remember_me\" value=\"1\" autocomplete=\"off\" aria-label=\"Angemeldet bleiben\" id=\"6a0723292856f_rmbm\" \/>                    <small role=\"button\" tabindex=\"0\">                        <label for=\"6a0723292856f_rmbm\">Angemeldet bleiben<\/label>                    <\/small>                <\/div><small class=\"pcma_psw_recovery_trigger\">Passwort vergessen?<\/small><\/div>            <div id=\"pc_auth_message\"><\/div>        <\/div>            <button class=\"pc_auth_btn\" type=\"submit\">            <span class=\"pc_inner_btn\">Anmelden<\/span>        <\/button>        <div class=\"pcma_psw_recovery_wrap pc_displaynone\">            <div class=\"pc_login_row \">                <label>Insert your username or e-mail<\/label>                <div class=\"pc_field_container\">                                        <input type=\"text\" name=\"pcma_psw_username\" class=\"pcma_psw_username\" value=\"\"  autocomplete=\"off\" \/>                <\/div>            <\/div>                        <div class=\"pc_lf_subfields\">                <div class=\"pc_login_smalls\">                    <small class=\"pcma_del_recovery\">Zur\u00fcck zum Login<\/small>                <\/div>                <div class=\"pcma_psw_recovery_message\"><\/div>            <\/div>                        <button class=\"pcma_do_recovery\" type=\"button\">                <span class=\"pc_inner_btn\">Wiederherstellen<\/span>            <\/button>        <\/div><\/form>    <script type=\"text\/javascript\">    (function() {         \"use strict\";        const intval = setInterval(() => {            if(typeof(pc_lf_overlapping_smalls_check) == \"undefined\") {                return true;            }            else {                clearTimeout(intval);                window.pc_lf_overlapping_smalls_check();            }        }, 50);    })();    <\/script><\/div>","protected":false},"excerpt":{"rendered":"<p>Login \/ Registrieren Die Registrierung auf der Websiteist unseren Kunden vorbehalten. Wenn Sie noch nicht registriert sind, f\u00fchren Sie bitte die Registrierung durch, indem Sie das Formular ausf\u00fcllen. REGISTRIEREN Der Download-Bereich ist ausschlie\u00dflich registrierten und von unserem Team best\u00e4tigten Benutzern vorbehalten.Bitte melden Sie sich an oder registrieren Sie sich, um die reservierten Inhalte einzusehen. ANMELDEN<\/p>\n","protected":false},"author":1,"featured_media":0,"parent":0,"menu_order":0,"comment_status":"closed","ping_status":"closed","template":"","meta":{"_acf_changed":false,"footnotes":""},"class_list":["post-4485","page","type-page","status-publish","hentry"],"acf":[],"_links":{"self":[{"href":"https:\/\/www.baufloor.it\/de\/wp-json\/wp\/v2\/pages\/4485","targetHints":{"allow":["GET"]}}],"collection":[{"href":"https:\/\/www.baufloor.it\/de\/wp-json\/wp\/v2\/pages"}],"about":[{"href":"https:\/\/www.baufloor.it\/de\/wp-json\/wp\/v2\/types\/page"}],"author":[{"embeddable":true,"href":"https:\/\/www.baufloor.it\/de\/wp-json\/wp\/v2\/users\/1"}],"replies":[{"embeddable":true,"href":"https:\/\/www.baufloor.it\/de\/wp-json\/wp\/v2\/comments?post=4485"}],"version-history":[{"count":7,"href":"https:\/\/www.baufloor.it\/de\/wp-json\/wp\/v2\/pages\/4485\/revisions"}],"predecessor-version":[{"id":8489,"href":"https:\/\/www.baufloor.it\/de\/wp-json\/wp\/v2\/pages\/4485\/revisions\/8489"}],"wp:attachment":[{"href":"https:\/\/www.baufloor.it\/de\/wp-json\/wp\/v2\/media?parent=4485"}],"curies":[{"name":"wp","href":"https:\/\/api.w.org\/{rel}","templated":true}]}}